{"id":383,"date":"2022-02-07T16:33:33","date_gmt":"2022-02-07T15:33:33","guid":{"rendered":"http:\/\/localhost:81\/?post_type=product&#038;p=383"},"modified":"2024-01-18T09:45:34","modified_gmt":"2024-01-18T08:45:34","slug":"korn","status":"publish","type":"product","link":"https:\/\/1923.nu\/en\/produkt\/korn\/","title":{"rendered":"Korn"},"content":{"rendered":"<p><strong>Korntunnbr\u00f6det \u00e4r ett klassiskt tunt br\u00f6d med riklig smak. Passar perfekt till svenska klassiker som sill och surstr\u00f6mming eller med en god bit ost p\u00e5 julbordet.<\/strong><\/p>\n<p>Eftersom korn var det enda s\u00e4desslag som hann mogna p\u00e5 de korta norrl\u00e4ndska somrarna var det just detta s\u00e4desslag som anv\u00e4ndes till de f\u00f6rsta tunnbr\u00f6dsbaken. Vilket p\u00e5l\u00e4gg du v\u00e4ljer begr\u00e4nsas bara av din egen fantasi och f\u00f6rutom till svenska klassiker som sill och surstr\u00f6mming \u00e4r det en sj\u00e4lvklarhet till julbordet. Testb\u00e4sta till surstr\u00f6mming av Surstr\u00f6mmingsakademien!<\/p>\n","protected":false},"excerpt":{"rendered":"<p>Korntunnbr\u00f6det \u00e4r ett klassiskt tunt br\u00f6d med riklig smak.<\/p>\n","protected":false},"featured_media":1311,"template":"","meta":{"_acf_changed":false,"_et_pb_use_builder":"","_et_pb_old_content":"","_et_gb_content_width":""},"product_brand":[],"product_cat":[20],"product_tag":[],"class_list":{"0":"post-383","1":"product","2":"type-product","3":"status-publish","4":"has-post-thumbnail","6":"product_cat-tunnbrod","7":"xt_wooqv-pos-before","9":"first","10":"instock","11":"featured","12":"taxable","13":"shipping-taxable","14":"purchasable","15":"product-type-simple"},"acf":[],"yoast_head":"<!-- This site is optimized with the Yoast SEO plugin v27.4 - https:\/\/yoast.com\/product\/yoast-seo-wordpress\/ -->\n<title>Korn - Deli och restaurang i H\u00f6ga Kusten - 1923 Tunnbr\u00f6d och deli<\/title>\n<meta name=\"description\" content=\"Korntunnbr\u00f6det \u00e4r ett klassiskt tunt br\u00f6d med riklig smak. Passar perfekt till svenska klassiker som sill och surstr\u00f6mming.\" \/>\n<meta name=\"robots\" content=\"index, follow, max-snippet:-1, max-image-preview:large, max-video-preview:-1\" \/>\n<link rel=\"canonical\" href=\"https:\/\/1923.nu\/produkt\/korn\/\" \/>\n<meta property=\"og:locale\" content=\"en_US\" \/>\n<meta property=\"og:type\" content=\"article\" \/>\n<meta property=\"og:title\" content=\"Korn - Deli och restaurang i H\u00f6ga Kusten - 1923 Tunnbr\u00f6d och deli\" \/>\n<meta property=\"og:description\" content=\"Korntunnbr\u00f6det \u00e4r ett klassiskt tunt br\u00f6d med riklig smak. Passar perfekt till svenska klassiker som sill och surstr\u00f6mming.\" \/>\n<meta property=\"og:url\" content=\"https:\/\/1923.nu\/produkt\/korn\/\" \/>\n<meta property=\"og:site_name\" content=\"Deli och restaurang i H\u00f6ga Kusten - 1923 Tunnbr\u00f6d och deli\" \/>\n<meta property=\"article:modified_time\" content=\"2024-01-18T08:45:34+00:00\" \/>\n<meta property=\"og:image\" content=\"https:\/\/1923.nu\/wp-content\/uploads\/2022\/05\/image00004-scaled-e1652712348266.jpeg\" \/>\n\t<meta property=\"og:image:width\" content=\"1920\" \/>\n\t<meta property=\"og:image:height\" content=\"1920\" \/>\n\t<meta property=\"og:image:type\" content=\"image\/jpeg\" \/>\n<meta name=\"twitter:card\" content=\"summary_large_image\" \/>\n<meta name=\"twitter:label1\" content=\"Est. reading time\" \/>\n\t<meta name=\"twitter:data1\" content=\"1 minute\" \/>\n<script type=\"application\/ld+json\" class=\"yoast-schema-graph\">{\"@context\":\"https:\\\/\\\/schema.org\",\"@graph\":[{\"@type\":\"WebPage\",\"@id\":\"https:\\\/\\\/1923.nu\\\/produkt\\\/korn\\\/\",\"url\":\"https:\\\/\\\/1923.nu\\\/produkt\\\/korn\\\/\",\"name\":\"Korn - Deli och restaurang i H\u00f6ga Kusten - 1923 Tunnbr\u00f6d och deli\",\"isPartOf\":{\"@id\":\"https:\\\/\\\/1923.nu\\\/#website\"},\"primaryImageOfPage\":{\"@id\":\"https:\\\/\\\/1923.nu\\\/produkt\\\/korn\\\/#primaryimage\"},\"image\":{\"@id\":\"https:\\\/\\\/1923.nu\\\/produkt\\\/korn\\\/#primaryimage\"},\"thumbnailUrl\":\"https:\\\/\\\/1923.nu\\\/wp-content\\\/uploads\\\/2022\\\/05\\\/image00004-scaled-e1652712348266.jpeg\",\"datePublished\":\"2022-02-07T15:33:33+00:00\",\"dateModified\":\"2024-01-18T08:45:34+00:00\",\"description\":\"Korntunnbr\u00f6det \u00e4r ett klassiskt tunt br\u00f6d med riklig smak. Passar perfekt till svenska klassiker som sill och surstr\u00f6mming.\",\"breadcrumb\":{\"@id\":\"https:\\\/\\\/1923.nu\\\/produkt\\\/korn\\\/#breadcrumb\"},\"inLanguage\":\"en-US\",\"potentialAction\":[{\"@type\":\"ReadAction\",\"target\":[\"https:\\\/\\\/1923.nu\\\/produkt\\\/korn\\\/\"]}]},{\"@type\":\"ImageObject\",\"inLanguage\":\"en-US\",\"@id\":\"https:\\\/\\\/1923.nu\\\/produkt\\\/korn\\\/#primaryimage\",\"url\":\"https:\\\/\\\/1923.nu\\\/wp-content\\\/uploads\\\/2022\\\/05\\\/image00004-scaled-e1652712348266.jpeg\",\"contentUrl\":\"https:\\\/\\\/1923.nu\\\/wp-content\\\/uploads\\\/2022\\\/05\\\/image00004-scaled-e1652712348266.jpeg\",\"width\":1920,\"height\":1920},{\"@type\":\"BreadcrumbList\",\"@id\":\"https:\\\/\\\/1923.nu\\\/produkt\\\/korn\\\/#breadcrumb\",\"itemListElement\":[{\"@type\":\"ListItem\",\"position\":1,\"name\":\"Hem\",\"item\":\"https:\\\/\\\/1923.nu\\\/en\\\/\"},{\"@type\":\"ListItem\",\"position\":2,\"name\":\"Shop\",\"item\":\"https:\\\/\\\/1923.nu\\\/en\\\/shop\\\/\"},{\"@type\":\"ListItem\",\"position\":3,\"name\":\"Korn\"}]},{\"@type\":\"WebSite\",\"@id\":\"https:\\\/\\\/1923.nu\\\/#website\",\"url\":\"https:\\\/\\\/1923.nu\\\/\",\"name\":\"Deli och restaurang i H\u00f6ga Kusten - 1923 Tunnbr\u00f6d och deli\",\"description\":\"\",\"publisher\":{\"@id\":\"https:\\\/\\\/1923.nu\\\/#organization\"},\"potentialAction\":[{\"@type\":\"SearchAction\",\"target\":{\"@type\":\"EntryPoint\",\"urlTemplate\":\"https:\\\/\\\/1923.nu\\\/?s={search_term_string}\"},\"query-input\":{\"@type\":\"PropertyValueSpecification\",\"valueRequired\":true,\"valueName\":\"search_term_string\"}}],\"inLanguage\":\"en-US\"},{\"@type\":\"Organization\",\"@id\":\"https:\\\/\\\/1923.nu\\\/#organization\",\"name\":\"1923\",\"url\":\"https:\\\/\\\/1923.nu\\\/\",\"logo\":{\"@type\":\"ImageObject\",\"inLanguage\":\"en-US\",\"@id\":\"https:\\\/\\\/1923.nu\\\/#\\\/schema\\\/logo\\\/image\\\/\",\"url\":\"https:\\\/\\\/1923.nu\\\/wp-content\\\/uploads\\\/2022\\\/02\\\/cropped-Mjalloms_logo_deli_1923_original.png\",\"contentUrl\":\"https:\\\/\\\/1923.nu\\\/wp-content\\\/uploads\\\/2022\\\/02\\\/cropped-Mjalloms_logo_deli_1923_original.png\",\"width\":512,\"height\":512,\"caption\":\"1923\"},\"image\":{\"@id\":\"https:\\\/\\\/1923.nu\\\/#\\\/schema\\\/logo\\\/image\\\/\"}}]}<\/script>\n<!-- \/ Yoast SEO plugin. -->","yoast_head_json":{"title":"Korn - Deli och restaurang i H\u00f6ga Kusten - 1923 Tunnbr\u00f6d och deli","description":"Korntunnbr\u00f6det \u00e4r ett klassiskt tunt br\u00f6d med riklig smak. Passar perfekt till svenska klassiker som sill och surstr\u00f6mming.","robots":{"index":"index","follow":"follow","max-snippet":"max-snippet:-1","max-image-preview":"max-image-preview:large","max-video-preview":"max-video-preview:-1"},"canonical":"https:\/\/1923.nu\/produkt\/korn\/","og_locale":"en_US","og_type":"article","og_title":"Korn - Deli och restaurang i H\u00f6ga Kusten - 1923 Tunnbr\u00f6d och deli","og_description":"Korntunnbr\u00f6det \u00e4r ett klassiskt tunt br\u00f6d med riklig smak. Passar perfekt till svenska klassiker som sill och surstr\u00f6mming.","og_url":"https:\/\/1923.nu\/produkt\/korn\/","og_site_name":"Deli och restaurang i H\u00f6ga Kusten - 1923 Tunnbr\u00f6d och deli","article_modified_time":"2024-01-18T08:45:34+00:00","og_image":[{"width":1920,"height":1920,"url":"https:\/\/1923.nu\/wp-content\/uploads\/2022\/05\/image00004-scaled-e1652712348266.jpeg","type":"image\/jpeg"}],"twitter_card":"summary_large_image","twitter_misc":{"Est. reading time":"1 minute"},"schema":{"@context":"https:\/\/schema.org","@graph":[{"@type":"WebPage","@id":"https:\/\/1923.nu\/produkt\/korn\/","url":"https:\/\/1923.nu\/produkt\/korn\/","name":"Korn - Deli och restaurang i H\u00f6ga Kusten - 1923 Tunnbr\u00f6d och deli","isPartOf":{"@id":"https:\/\/1923.nu\/#website"},"primaryImageOfPage":{"@id":"https:\/\/1923.nu\/produkt\/korn\/#primaryimage"},"image":{"@id":"https:\/\/1923.nu\/produkt\/korn\/#primaryimage"},"thumbnailUrl":"https:\/\/1923.nu\/wp-content\/uploads\/2022\/05\/image00004-scaled-e1652712348266.jpeg","datePublished":"2022-02-07T15:33:33+00:00","dateModified":"2024-01-18T08:45:34+00:00","description":"Korntunnbr\u00f6det \u00e4r ett klassiskt tunt br\u00f6d med riklig smak. Passar perfekt till svenska klassiker som sill och surstr\u00f6mming.","breadcrumb":{"@id":"https:\/\/1923.nu\/produkt\/korn\/#breadcrumb"},"inLanguage":"en-US","potentialAction":[{"@type":"ReadAction","target":["https:\/\/1923.nu\/produkt\/korn\/"]}]},{"@type":"ImageObject","inLanguage":"en-US","@id":"https:\/\/1923.nu\/produkt\/korn\/#primaryimage","url":"https:\/\/1923.nu\/wp-content\/uploads\/2022\/05\/image00004-scaled-e1652712348266.jpeg","contentUrl":"https:\/\/1923.nu\/wp-content\/uploads\/2022\/05\/image00004-scaled-e1652712348266.jpeg","width":1920,"height":1920},{"@type":"BreadcrumbList","@id":"https:\/\/1923.nu\/produkt\/korn\/#breadcrumb","itemListElement":[{"@type":"ListItem","position":1,"name":"Hem","item":"https:\/\/1923.nu\/en\/"},{"@type":"ListItem","position":2,"name":"Shop","item":"https:\/\/1923.nu\/en\/shop\/"},{"@type":"ListItem","position":3,"name":"Korn"}]},{"@type":"WebSite","@id":"https:\/\/1923.nu\/#website","url":"https:\/\/1923.nu\/","name":"Deli och restaurang i H\u00f6ga Kusten - 1923 Tunnbr\u00f6d och deli","description":"","publisher":{"@id":"https:\/\/1923.nu\/#organization"},"potentialAction":[{"@type":"SearchAction","target":{"@type":"EntryPoint","urlTemplate":"https:\/\/1923.nu\/?s={search_term_string}"},"query-input":{"@type":"PropertyValueSpecification","valueRequired":true,"valueName":"search_term_string"}}],"inLanguage":"en-US"},{"@type":"Organization","@id":"https:\/\/1923.nu\/#organization","name":"1923","url":"https:\/\/1923.nu\/","logo":{"@type":"ImageObject","inLanguage":"en-US","@id":"https:\/\/1923.nu\/#\/schema\/logo\/image\/","url":"https:\/\/1923.nu\/wp-content\/uploads\/2022\/02\/cropped-Mjalloms_logo_deli_1923_original.png","contentUrl":"https:\/\/1923.nu\/wp-content\/uploads\/2022\/02\/cropped-Mjalloms_logo_deli_1923_original.png","width":512,"height":512,"caption":"1923"},"image":{"@id":"https:\/\/1923.nu\/#\/schema\/logo\/image\/"}}]}},"_links":{"self":[{"href":"https:\/\/1923.nu\/en\/wp-json\/wp\/v2\/product\/383","targetHints":{"allow":["GET"]}}],"collection":[{"href":"https:\/\/1923.nu\/en\/wp-json\/wp\/v2\/product"}],"about":[{"href":"https:\/\/1923.nu\/en\/wp-json\/wp\/v2\/types\/product"}],"wp:featuredmedia":[{"embeddable":true,"href":"https:\/\/1923.nu\/en\/wp-json\/wp\/v2\/media\/1311"}],"wp:attachment":[{"href":"https:\/\/1923.nu\/en\/wp-json\/wp\/v2\/media?parent=383"}],"wp:term":[{"taxonomy":"product_brand","embeddable":true,"href":"https:\/\/1923.nu\/en\/wp-json\/wp\/v2\/product_brand?post=383"},{"taxonomy":"product_cat","embeddable":true,"href":"https:\/\/1923.nu\/en\/wp-json\/wp\/v2\/product_cat?post=383"},{"taxonomy":"product_tag","embeddable":true,"href":"https:\/\/1923.nu\/en\/wp-json\/wp\/v2\/product_tag?post=383"}],"curies":[{"name":"wp","href":"https:\/\/api.w.org\/{rel}","templated":true}]}}