{"id":3247,"date":"2024-02-14T16:24:56","date_gmt":"2024-02-14T15:24:56","guid":{"rendered":"https:\/\/1923.nu\/?post_type=product&#038;p=3247"},"modified":"2024-06-03T11:55:46","modified_gmt":"2024-06-03T09:55:46","slug":"losvikt-palt-2900-gram","status":"publish","type":"product","link":"https:\/\/1923.nu\/en\/produkt\/losvikt-palt-2900-gram\/","title":{"rendered":"L\u00f6svikt Palt 2,9 kg"},"content":{"rendered":"<p>2,9 kg Palt Tunnbr\u00f6d packat direkt i en stor kartong!<\/p>\n<p>Palttunnbr\u00f6d \u00e4r ett j\u00e4rn- och proteinrikt br\u00f6d. Utm\u00e4rkt som ett nyttigt mellanm\u00e5l med keso och avokado. \u00c4ven ypperligt bra bas f\u00f6r en j\u00e4rnrik gr\u00f6t, b\u00e5de f\u00f6r stora och sm\u00e5 och f\u00f6r de som vill f\u00e5 en riktig mycket j\u00e4rntillskott. Boosta kroppen med Protein- och J\u00e4rnrikt br\u00f6d! Njut som sm\u00f6rg\u00e5s, i filen eller p\u00e5 \u00e4kta norrl\u00e4ndskt vis tillsammans med fl\u00e4sk och vits\u00e5s!<\/p>\n<p>Palt Tunnbr\u00f6d \u00e4r ett bra och naturligt tillskott f\u00f6r dig som beh\u00f6ver extra j\u00e4rn d\u00e5 det inneh\u00e5ller s\u00e5 mycket som 51 mg j\u00e4rn per 100 g. J\u00e4rnet hj\u00e4lper dig att h\u00f6ja ditt HB=blodv\u00e4rde, vilket i sin tur ger en b\u00e4ttre syreupptagningsf\u00f6rm\u00e5ga och man blir piggare.<\/p>\n<p>Br\u00f6dets j\u00e4rn \u00e4r av typen hemj\u00e4rn som l\u00e4ttast tas upp av kroppen. F\u00f6rutom att det \u00e4r ett riktigt j\u00e4rnrikt br\u00f6d (en skiva inneh\u00e5ller ca 3,5 mg j\u00e4rn) s\u00e5 inneh\u00e5ller det \u00e4ven en h\u00f6g proteinhalt, n\u00e4mligen 23 g per 100 g. Traditionellt serveras det \u00e4ven kokat tillsammans med knaperstekt fl\u00e4sk och vits\u00e5s, som du hittar p\u00e5 f\u00f6rpackningen.<\/p>\n<p>Rekommenderat dagligt (RDI) intag av j\u00e4rn \u00e4r hos:<br \/>\n<em>Kvinnor, gravida och ammande<\/em>: 9-15 mg\/dag<br \/>\n<em>M\u00e4n<\/em>: 9-11 mg\/dag<br \/>\n<em>Barn<\/em>: 8 \u2013 11 mg\/dag<\/p>\n<p><strong>Barns behov av j\u00e4rn:<\/strong><br \/>\nP\u00e5 grund av att sp\u00e4dbarn och sm\u00e5barn v\u00e4xer s\u00e5 fort har de ett stort behov av j\u00e4rn och det rekommenderade intaget f\u00f6r sm\u00e5 barn \u00e4r i princip samma som f\u00f6r en vuxen man (8 mg j\u00e4rn\/dag). Eftersom sm\u00e5 barn inte kan \u00e4ta lika mycket mat som en vuxen beh\u00f6ver de mat som har berikats med j\u00e4rn \u2013 det \u00e4r sv\u00e5rt att n\u00e5 upp till det rekommenderade j\u00e4rnintaget utan att anv\u00e4nda j\u00e4rnberikade produkter. Livsmedelsverket rekommenderar f\u00f6r\u00e4ldrar att ge berikad gr\u00f6t och v\u00e4lling till barn under tv\u00e5 \u00e5r.<\/p>\n","protected":false},"excerpt":{"rendered":"<p>Palttunnbr\u00f6d \u00e4r ett j\u00e4rn- och proteinrikt br\u00f6d. Utm\u00e4rkt som ett nyttigt mellanm\u00e5l med keso och avokado. \u00c4ven ypperligt bra bas f\u00f6r en j\u00e4rnrik gr\u00f6t, b\u00e5de f\u00f6r stora och sm\u00e5 och f\u00f6r de som vill f\u00e5 en riktig mycket j\u00e4rntillskott. Boosta kroppen med Protein- och J\u00e4rnrikt br\u00f6d! Njut som sm\u00f6rg\u00e5s, i filen eller p\u00e5 \u00e4kta norrl\u00e4ndskt vis tillsammans med fl\u00e4sk och vits\u00e5s!<\/p>\n","protected":false},"featured_media":4058,"template":"","meta":{"_acf_changed":false,"_et_pb_use_builder":"","_et_pb_old_content":"","_et_gb_content_width":""},"product_brand":[],"product_cat":[20],"product_tag":[],"class_list":{"0":"post-3247","1":"product","2":"type-product","3":"status-publish","4":"has-post-thumbnail","6":"product_cat-tunnbrod","7":"xt_wooqv-pos-before","9":"first","10":"instock","11":"taxable","12":"shipping-taxable","13":"purchasable","14":"product-type-simple"},"acf":[],"yoast_head":"<!-- This site is optimized with the Yoast SEO plugin v27.4 - https:\/\/yoast.com\/product\/yoast-seo-wordpress\/ -->\n<title>L\u00f6svikt Palt 2,9 kg - Deli och restaurang i H\u00f6ga Kusten - 1923 Tunnbr\u00f6d och deli<\/title>\n<meta name=\"description\" content=\"Palttunnbr\u00f6d \u00e4r ett j\u00e4rn- och proteinrikt br\u00f6d. Utm\u00e4rkt som ett nyttigt mellanm\u00e5l med keso och avokado. \u00c4ven ypperligt bra bas f\u00f6r en j\u00e4rnrik gr\u00f6t.\" \/>\n<meta name=\"robots\" content=\"index, follow, max-snippet:-1, max-image-preview:large, max-video-preview:-1\" \/>\n<link rel=\"canonical\" href=\"https:\/\/1923.nu\/produkt\/losvikt-palt-2900-gram\/\" \/>\n<meta property=\"og:locale\" content=\"en_US\" \/>\n<meta property=\"og:type\" content=\"article\" \/>\n<meta property=\"og:title\" content=\"L\u00f6svikt Palt 2,9 kg - Deli och restaurang i H\u00f6ga Kusten - 1923 Tunnbr\u00f6d och deli\" \/>\n<meta property=\"og:description\" content=\"Palttunnbr\u00f6d \u00e4r ett j\u00e4rn- och proteinrikt br\u00f6d. Utm\u00e4rkt som ett nyttigt mellanm\u00e5l med keso och avokado. \u00c4ven ypperligt bra bas f\u00f6r en j\u00e4rnrik gr\u00f6t.\" \/>\n<meta property=\"og:url\" content=\"https:\/\/1923.nu\/produkt\/losvikt-palt-2900-gram\/\" \/>\n<meta property=\"og:site_name\" content=\"Deli och restaurang i H\u00f6ga Kusten - 1923 Tunnbr\u00f6d och deli\" \/>\n<meta property=\"article:modified_time\" content=\"2024-06-03T09:55:46+00:00\" \/>\n<meta property=\"og:image\" content=\"https:\/\/1923.nu\/wp-content\/uploads\/2024\/06\/IMG_4680-2-scaled.jpg\" \/>\n\t<meta property=\"og:image:width\" content=\"2560\" \/>\n\t<meta property=\"og:image:height\" content=\"2560\" \/>\n\t<meta property=\"og:image:type\" content=\"image\/jpeg\" \/>\n<meta name=\"twitter:card\" content=\"summary_large_image\" \/>\n<meta name=\"twitter:label1\" content=\"Est. reading time\" \/>\n\t<meta name=\"twitter:data1\" content=\"2 minutes\" \/>\n<script type=\"application\/ld+json\" class=\"yoast-schema-graph\">{\"@context\":\"https:\\\/\\\/schema.org\",\"@graph\":[{\"@type\":\"WebPage\",\"@id\":\"https:\\\/\\\/1923.nu\\\/produkt\\\/losvikt-palt-2900-gram\\\/\",\"url\":\"https:\\\/\\\/1923.nu\\\/produkt\\\/losvikt-palt-2900-gram\\\/\",\"name\":\"L\u00f6svikt Palt 2,9 kg - Deli och restaurang i H\u00f6ga Kusten - 1923 Tunnbr\u00f6d och deli\",\"isPartOf\":{\"@id\":\"https:\\\/\\\/1923.nu\\\/#website\"},\"primaryImageOfPage\":{\"@id\":\"https:\\\/\\\/1923.nu\\\/produkt\\\/losvikt-palt-2900-gram\\\/#primaryimage\"},\"image\":{\"@id\":\"https:\\\/\\\/1923.nu\\\/produkt\\\/losvikt-palt-2900-gram\\\/#primaryimage\"},\"thumbnailUrl\":\"https:\\\/\\\/1923.nu\\\/wp-content\\\/uploads\\\/2024\\\/06\\\/IMG_4680-2-scaled.jpg\",\"datePublished\":\"2024-02-14T15:24:56+00:00\",\"dateModified\":\"2024-06-03T09:55:46+00:00\",\"description\":\"Palttunnbr\u00f6d \u00e4r ett j\u00e4rn- och proteinrikt br\u00f6d. Utm\u00e4rkt som ett nyttigt mellanm\u00e5l med keso och avokado. \u00c4ven ypperligt bra bas f\u00f6r en j\u00e4rnrik gr\u00f6t.\",\"breadcrumb\":{\"@id\":\"https:\\\/\\\/1923.nu\\\/produkt\\\/losvikt-palt-2900-gram\\\/#breadcrumb\"},\"inLanguage\":\"en-US\",\"potentialAction\":[{\"@type\":\"ReadAction\",\"target\":[\"https:\\\/\\\/1923.nu\\\/produkt\\\/losvikt-palt-2900-gram\\\/\"]}]},{\"@type\":\"ImageObject\",\"inLanguage\":\"en-US\",\"@id\":\"https:\\\/\\\/1923.nu\\\/produkt\\\/losvikt-palt-2900-gram\\\/#primaryimage\",\"url\":\"https:\\\/\\\/1923.nu\\\/wp-content\\\/uploads\\\/2024\\\/06\\\/IMG_4680-2-scaled.jpg\",\"contentUrl\":\"https:\\\/\\\/1923.nu\\\/wp-content\\\/uploads\\\/2024\\\/06\\\/IMG_4680-2-scaled.jpg\",\"width\":2560,\"height\":2560},{\"@type\":\"BreadcrumbList\",\"@id\":\"https:\\\/\\\/1923.nu\\\/produkt\\\/losvikt-palt-2900-gram\\\/#breadcrumb\",\"itemListElement\":[{\"@type\":\"ListItem\",\"position\":1,\"name\":\"Hem\",\"item\":\"https:\\\/\\\/1923.nu\\\/en\\\/\"},{\"@type\":\"ListItem\",\"position\":2,\"name\":\"Shop\",\"item\":\"https:\\\/\\\/1923.nu\\\/en\\\/shop\\\/\"},{\"@type\":\"ListItem\",\"position\":3,\"name\":\"L\u00f6svikt Palt 2,9 kg\"}]},{\"@type\":\"WebSite\",\"@id\":\"https:\\\/\\\/1923.nu\\\/#website\",\"url\":\"https:\\\/\\\/1923.nu\\\/\",\"name\":\"Deli och restaurang i H\u00f6ga Kusten - 1923 Tunnbr\u00f6d och deli\",\"description\":\"\",\"publisher\":{\"@id\":\"https:\\\/\\\/1923.nu\\\/#organization\"},\"potentialAction\":[{\"@type\":\"SearchAction\",\"target\":{\"@type\":\"EntryPoint\",\"urlTemplate\":\"https:\\\/\\\/1923.nu\\\/?s={search_term_string}\"},\"query-input\":{\"@type\":\"PropertyValueSpecification\",\"valueRequired\":true,\"valueName\":\"search_term_string\"}}],\"inLanguage\":\"en-US\"},{\"@type\":\"Organization\",\"@id\":\"https:\\\/\\\/1923.nu\\\/#organization\",\"name\":\"1923\",\"url\":\"https:\\\/\\\/1923.nu\\\/\",\"logo\":{\"@type\":\"ImageObject\",\"inLanguage\":\"en-US\",\"@id\":\"https:\\\/\\\/1923.nu\\\/#\\\/schema\\\/logo\\\/image\\\/\",\"url\":\"https:\\\/\\\/1923.nu\\\/wp-content\\\/uploads\\\/2022\\\/02\\\/cropped-Mjalloms_logo_deli_1923_original.png\",\"contentUrl\":\"https:\\\/\\\/1923.nu\\\/wp-content\\\/uploads\\\/2022\\\/02\\\/cropped-Mjalloms_logo_deli_1923_original.png\",\"width\":512,\"height\":512,\"caption\":\"1923\"},\"image\":{\"@id\":\"https:\\\/\\\/1923.nu\\\/#\\\/schema\\\/logo\\\/image\\\/\"}}]}<\/script>\n<!-- \/ Yoast SEO plugin. -->","yoast_head_json":{"title":"L\u00f6svikt Palt 2,9 kg - Deli och restaurang i H\u00f6ga Kusten - 1923 Tunnbr\u00f6d och deli","description":"Palttunnbr\u00f6d \u00e4r ett j\u00e4rn- och proteinrikt br\u00f6d. Utm\u00e4rkt som ett nyttigt mellanm\u00e5l med keso och avokado. \u00c4ven ypperligt bra bas f\u00f6r en j\u00e4rnrik gr\u00f6t.","robots":{"index":"index","follow":"follow","max-snippet":"max-snippet:-1","max-image-preview":"max-image-preview:large","max-video-preview":"max-video-preview:-1"},"canonical":"https:\/\/1923.nu\/produkt\/losvikt-palt-2900-gram\/","og_locale":"en_US","og_type":"article","og_title":"L\u00f6svikt Palt 2,9 kg - Deli och restaurang i H\u00f6ga Kusten - 1923 Tunnbr\u00f6d och deli","og_description":"Palttunnbr\u00f6d \u00e4r ett j\u00e4rn- och proteinrikt br\u00f6d. Utm\u00e4rkt som ett nyttigt mellanm\u00e5l med keso och avokado. \u00c4ven ypperligt bra bas f\u00f6r en j\u00e4rnrik gr\u00f6t.","og_url":"https:\/\/1923.nu\/produkt\/losvikt-palt-2900-gram\/","og_site_name":"Deli och restaurang i H\u00f6ga Kusten - 1923 Tunnbr\u00f6d och deli","article_modified_time":"2024-06-03T09:55:46+00:00","og_image":[{"width":2560,"height":2560,"url":"https:\/\/1923.nu\/wp-content\/uploads\/2024\/06\/IMG_4680-2-scaled.jpg","type":"image\/jpeg"}],"twitter_card":"summary_large_image","twitter_misc":{"Est. reading time":"2 minutes"},"schema":{"@context":"https:\/\/schema.org","@graph":[{"@type":"WebPage","@id":"https:\/\/1923.nu\/produkt\/losvikt-palt-2900-gram\/","url":"https:\/\/1923.nu\/produkt\/losvikt-palt-2900-gram\/","name":"L\u00f6svikt Palt 2,9 kg - Deli och restaurang i H\u00f6ga Kusten - 1923 Tunnbr\u00f6d och deli","isPartOf":{"@id":"https:\/\/1923.nu\/#website"},"primaryImageOfPage":{"@id":"https:\/\/1923.nu\/produkt\/losvikt-palt-2900-gram\/#primaryimage"},"image":{"@id":"https:\/\/1923.nu\/produkt\/losvikt-palt-2900-gram\/#primaryimage"},"thumbnailUrl":"https:\/\/1923.nu\/wp-content\/uploads\/2024\/06\/IMG_4680-2-scaled.jpg","datePublished":"2024-02-14T15:24:56+00:00","dateModified":"2024-06-03T09:55:46+00:00","description":"Palttunnbr\u00f6d \u00e4r ett j\u00e4rn- och proteinrikt br\u00f6d. Utm\u00e4rkt som ett nyttigt mellanm\u00e5l med keso och avokado. \u00c4ven ypperligt bra bas f\u00f6r en j\u00e4rnrik gr\u00f6t.","breadcrumb":{"@id":"https:\/\/1923.nu\/produkt\/losvikt-palt-2900-gram\/#breadcrumb"},"inLanguage":"en-US","potentialAction":[{"@type":"ReadAction","target":["https:\/\/1923.nu\/produkt\/losvikt-palt-2900-gram\/"]}]},{"@type":"ImageObject","inLanguage":"en-US","@id":"https:\/\/1923.nu\/produkt\/losvikt-palt-2900-gram\/#primaryimage","url":"https:\/\/1923.nu\/wp-content\/uploads\/2024\/06\/IMG_4680-2-scaled.jpg","contentUrl":"https:\/\/1923.nu\/wp-content\/uploads\/2024\/06\/IMG_4680-2-scaled.jpg","width":2560,"height":2560},{"@type":"BreadcrumbList","@id":"https:\/\/1923.nu\/produkt\/losvikt-palt-2900-gram\/#breadcrumb","itemListElement":[{"@type":"ListItem","position":1,"name":"Hem","item":"https:\/\/1923.nu\/en\/"},{"@type":"ListItem","position":2,"name":"Shop","item":"https:\/\/1923.nu\/en\/shop\/"},{"@type":"ListItem","position":3,"name":"L\u00f6svikt Palt 2,9 kg"}]},{"@type":"WebSite","@id":"https:\/\/1923.nu\/#website","url":"https:\/\/1923.nu\/","name":"Deli och restaurang i H\u00f6ga Kusten - 1923 Tunnbr\u00f6d och deli","description":"","publisher":{"@id":"https:\/\/1923.nu\/#organization"},"potentialAction":[{"@type":"SearchAction","target":{"@type":"EntryPoint","urlTemplate":"https:\/\/1923.nu\/?s={search_term_string}"},"query-input":{"@type":"PropertyValueSpecification","valueRequired":true,"valueName":"search_term_string"}}],"inLanguage":"en-US"},{"@type":"Organization","@id":"https:\/\/1923.nu\/#organization","name":"1923","url":"https:\/\/1923.nu\/","logo":{"@type":"ImageObject","inLanguage":"en-US","@id":"https:\/\/1923.nu\/#\/schema\/logo\/image\/","url":"https:\/\/1923.nu\/wp-content\/uploads\/2022\/02\/cropped-Mjalloms_logo_deli_1923_original.png","contentUrl":"https:\/\/1923.nu\/wp-content\/uploads\/2022\/02\/cropped-Mjalloms_logo_deli_1923_original.png","width":512,"height":512,"caption":"1923"},"image":{"@id":"https:\/\/1923.nu\/#\/schema\/logo\/image\/"}}]}},"_links":{"self":[{"href":"https:\/\/1923.nu\/en\/wp-json\/wp\/v2\/product\/3247","targetHints":{"allow":["GET"]}}],"collection":[{"href":"https:\/\/1923.nu\/en\/wp-json\/wp\/v2\/product"}],"about":[{"href":"https:\/\/1923.nu\/en\/wp-json\/wp\/v2\/types\/product"}],"wp:featuredmedia":[{"embeddable":true,"href":"https:\/\/1923.nu\/en\/wp-json\/wp\/v2\/media\/4058"}],"wp:attachment":[{"href":"https:\/\/1923.nu\/en\/wp-json\/wp\/v2\/media?parent=3247"}],"wp:term":[{"taxonomy":"product_brand","embeddable":true,"href":"https:\/\/1923.nu\/en\/wp-json\/wp\/v2\/product_brand?post=3247"},{"taxonomy":"product_cat","embeddable":true,"href":"https:\/\/1923.nu\/en\/wp-json\/wp\/v2\/product_cat?post=3247"},{"taxonomy":"product_tag","embeddable":true,"href":"https:\/\/1923.nu\/en\/wp-json\/wp\/v2\/product_tag?post=3247"}],"curies":[{"name":"wp","href":"https:\/\/api.w.org\/{rel}","templated":true}]}}