{"id":266,"date":"2022-01-25T12:11:24","date_gmt":"2022-01-25T11:11:24","guid":{"rendered":"http:\/\/localhost:81\/?post_type=product&#038;p=266"},"modified":"2024-01-18T09:46:01","modified_gmt":"2024-01-18T08:46:01","slug":"havre","status":"publish","type":"product","link":"https:\/\/1923.nu\/en\/produkt\/havre\/","title":{"rendered":"Havre"},"content":{"rendered":"<p><strong>Havretunnbr\u00f6d \u00e4r ett klassiskt br\u00f6d bakat p\u00e5 havre fr\u00e5n v\u00e5ra svenska \u00e5krar. Gyllengr\u00e4ddat och smakrikt. Utm\u00e4rkt i br\u00f6dkorgen s\u00e5v\u00e4l som till en finare middag.<\/strong><\/p>\n<p>F\u00f6rutom att havre har en god och mustig smak s\u00e5 har det ocks\u00e5 en rad positiva h\u00e4lsoeffekter. Havretunnbr\u00f6d passar i de flesta sammanhang som m\u00e5ltidstillbeh\u00f6r, men \u00e4ven som mellanm\u00e5lssm\u00f6rg\u00e5s eller frukostbr\u00f6d. Br\u00f6det \u00e4r s\u00e5gat i l\u00e4mpliga portionsbitar och den unika f\u00f6rpackningen g\u00f6r det enkelt att servera.<\/p>\n","protected":false},"excerpt":{"rendered":"<p>Havretunnbr\u00f6d \u00e4r ett klassiskt br\u00f6d bakat p\u00e5 havre fr\u00e5n v\u00e5ra svenska \u00e5krar. Gyllengr\u00e4ddat och smakrikt. Utm\u00e4rkt i br\u00f6dkorgen s\u00e5v\u00e4l som till en finare middag.<\/p>\n","protected":false},"featured_media":1319,"template":"","meta":{"_acf_changed":false,"_et_pb_use_builder":"","_et_pb_old_content":"","_et_gb_content_width":""},"product_brand":[],"product_cat":[20],"product_tag":[],"class_list":{"0":"post-266","1":"product","2":"type-product","3":"status-publish","4":"has-post-thumbnail","6":"product_cat-tunnbrod","7":"xt_wooqv-pos-before","9":"first","10":"instock","11":"featured","12":"taxable","13":"shipping-taxable","14":"purchasable","15":"product-type-simple"},"acf":[],"yoast_head":"<!-- This site is optimized with the Yoast SEO plugin v27.4 - https:\/\/yoast.com\/product\/yoast-seo-wordpress\/ -->\n<title>Havre - Deli och restaurang i H\u00f6ga Kusten - 1923 Tunnbr\u00f6d och deli<\/title>\n<meta name=\"description\" content=\"Havretunnbr\u00f6d \u00e4r ett klassiskt br\u00f6d bakat p\u00e5 havre fr\u00e5n v\u00e5ra svenska \u00e5krar. Gyllengr\u00e4ddat och smakrikt. Utm\u00e4rkt i br\u00f6dkorgen.\" \/>\n<meta name=\"robots\" content=\"index, follow, max-snippet:-1, max-image-preview:large, max-video-preview:-1\" \/>\n<link rel=\"canonical\" href=\"https:\/\/1923.nu\/produkt\/havre\/\" \/>\n<meta property=\"og:locale\" content=\"en_US\" \/>\n<meta property=\"og:type\" content=\"article\" \/>\n<meta property=\"og:title\" content=\"Havre - Deli och restaurang i H\u00f6ga Kusten - 1923 Tunnbr\u00f6d och deli\" \/>\n<meta property=\"og:description\" content=\"Havretunnbr\u00f6d \u00e4r ett klassiskt br\u00f6d bakat p\u00e5 havre fr\u00e5n v\u00e5ra svenska \u00e5krar. Gyllengr\u00e4ddat och smakrikt. Utm\u00e4rkt i br\u00f6dkorgen.\" \/>\n<meta property=\"og:url\" content=\"https:\/\/1923.nu\/produkt\/havre\/\" \/>\n<meta property=\"og:site_name\" content=\"Deli och restaurang i H\u00f6ga Kusten - 1923 Tunnbr\u00f6d och deli\" \/>\n<meta property=\"article:modified_time\" content=\"2024-01-18T08:46:01+00:00\" \/>\n<meta property=\"og:image\" content=\"https:\/\/1923.nu\/wp-content\/uploads\/2022\/05\/image00012-scaled-e1652712425247.jpeg\" \/>\n\t<meta property=\"og:image:width\" content=\"1920\" \/>\n\t<meta property=\"og:image:height\" content=\"1920\" \/>\n\t<meta property=\"og:image:type\" content=\"image\/jpeg\" \/>\n<meta name=\"twitter:card\" content=\"summary_large_image\" \/>\n<meta name=\"twitter:label1\" content=\"Est. reading time\" \/>\n\t<meta name=\"twitter:data1\" content=\"1 minute\" \/>\n<script type=\"application\/ld+json\" class=\"yoast-schema-graph\">{\"@context\":\"https:\\\/\\\/schema.org\",\"@graph\":[{\"@type\":\"WebPage\",\"@id\":\"https:\\\/\\\/1923.nu\\\/produkt\\\/havre\\\/\",\"url\":\"https:\\\/\\\/1923.nu\\\/produkt\\\/havre\\\/\",\"name\":\"Havre - Deli och restaurang i H\u00f6ga Kusten - 1923 Tunnbr\u00f6d och deli\",\"isPartOf\":{\"@id\":\"https:\\\/\\\/1923.nu\\\/#website\"},\"primaryImageOfPage\":{\"@id\":\"https:\\\/\\\/1923.nu\\\/produkt\\\/havre\\\/#primaryimage\"},\"image\":{\"@id\":\"https:\\\/\\\/1923.nu\\\/produkt\\\/havre\\\/#primaryimage\"},\"thumbnailUrl\":\"https:\\\/\\\/1923.nu\\\/wp-content\\\/uploads\\\/2022\\\/05\\\/image00012-scaled-e1652712425247.jpeg\",\"datePublished\":\"2022-01-25T11:11:24+00:00\",\"dateModified\":\"2024-01-18T08:46:01+00:00\",\"description\":\"Havretunnbr\u00f6d \u00e4r ett klassiskt br\u00f6d bakat p\u00e5 havre fr\u00e5n v\u00e5ra svenska \u00e5krar. Gyllengr\u00e4ddat och smakrikt. Utm\u00e4rkt i br\u00f6dkorgen.\",\"breadcrumb\":{\"@id\":\"https:\\\/\\\/1923.nu\\\/produkt\\\/havre\\\/#breadcrumb\"},\"inLanguage\":\"en-US\",\"potentialAction\":[{\"@type\":\"ReadAction\",\"target\":[\"https:\\\/\\\/1923.nu\\\/produkt\\\/havre\\\/\"]}]},{\"@type\":\"ImageObject\",\"inLanguage\":\"en-US\",\"@id\":\"https:\\\/\\\/1923.nu\\\/produkt\\\/havre\\\/#primaryimage\",\"url\":\"https:\\\/\\\/1923.nu\\\/wp-content\\\/uploads\\\/2022\\\/05\\\/image00012-scaled-e1652712425247.jpeg\",\"contentUrl\":\"https:\\\/\\\/1923.nu\\\/wp-content\\\/uploads\\\/2022\\\/05\\\/image00012-scaled-e1652712425247.jpeg\",\"width\":1920,\"height\":1920},{\"@type\":\"BreadcrumbList\",\"@id\":\"https:\\\/\\\/1923.nu\\\/produkt\\\/havre\\\/#breadcrumb\",\"itemListElement\":[{\"@type\":\"ListItem\",\"position\":1,\"name\":\"Hem\",\"item\":\"https:\\\/\\\/1923.nu\\\/en\\\/\"},{\"@type\":\"ListItem\",\"position\":2,\"name\":\"Shop\",\"item\":\"https:\\\/\\\/1923.nu\\\/en\\\/shop\\\/\"},{\"@type\":\"ListItem\",\"position\":3,\"name\":\"Havre\"}]},{\"@type\":\"WebSite\",\"@id\":\"https:\\\/\\\/1923.nu\\\/#website\",\"url\":\"https:\\\/\\\/1923.nu\\\/\",\"name\":\"Deli och restaurang i H\u00f6ga Kusten - 1923 Tunnbr\u00f6d och deli\",\"description\":\"\",\"publisher\":{\"@id\":\"https:\\\/\\\/1923.nu\\\/#organization\"},\"potentialAction\":[{\"@type\":\"SearchAction\",\"target\":{\"@type\":\"EntryPoint\",\"urlTemplate\":\"https:\\\/\\\/1923.nu\\\/?s={search_term_string}\"},\"query-input\":{\"@type\":\"PropertyValueSpecification\",\"valueRequired\":true,\"valueName\":\"search_term_string\"}}],\"inLanguage\":\"en-US\"},{\"@type\":\"Organization\",\"@id\":\"https:\\\/\\\/1923.nu\\\/#organization\",\"name\":\"1923\",\"url\":\"https:\\\/\\\/1923.nu\\\/\",\"logo\":{\"@type\":\"ImageObject\",\"inLanguage\":\"en-US\",\"@id\":\"https:\\\/\\\/1923.nu\\\/#\\\/schema\\\/logo\\\/image\\\/\",\"url\":\"https:\\\/\\\/1923.nu\\\/wp-content\\\/uploads\\\/2022\\\/02\\\/cropped-Mjalloms_logo_deli_1923_original.png\",\"contentUrl\":\"https:\\\/\\\/1923.nu\\\/wp-content\\\/uploads\\\/2022\\\/02\\\/cropped-Mjalloms_logo_deli_1923_original.png\",\"width\":512,\"height\":512,\"caption\":\"1923\"},\"image\":{\"@id\":\"https:\\\/\\\/1923.nu\\\/#\\\/schema\\\/logo\\\/image\\\/\"}}]}<\/script>\n<!-- \/ Yoast SEO plugin. -->","yoast_head_json":{"title":"Havre - Deli och restaurang i H\u00f6ga Kusten - 1923 Tunnbr\u00f6d och deli","description":"Havretunnbr\u00f6d \u00e4r ett klassiskt br\u00f6d bakat p\u00e5 havre fr\u00e5n v\u00e5ra svenska \u00e5krar. Gyllengr\u00e4ddat och smakrikt. Utm\u00e4rkt i br\u00f6dkorgen.","robots":{"index":"index","follow":"follow","max-snippet":"max-snippet:-1","max-image-preview":"max-image-preview:large","max-video-preview":"max-video-preview:-1"},"canonical":"https:\/\/1923.nu\/produkt\/havre\/","og_locale":"en_US","og_type":"article","og_title":"Havre - Deli och restaurang i H\u00f6ga Kusten - 1923 Tunnbr\u00f6d och deli","og_description":"Havretunnbr\u00f6d \u00e4r ett klassiskt br\u00f6d bakat p\u00e5 havre fr\u00e5n v\u00e5ra svenska \u00e5krar. Gyllengr\u00e4ddat och smakrikt. Utm\u00e4rkt i br\u00f6dkorgen.","og_url":"https:\/\/1923.nu\/produkt\/havre\/","og_site_name":"Deli och restaurang i H\u00f6ga Kusten - 1923 Tunnbr\u00f6d och deli","article_modified_time":"2024-01-18T08:46:01+00:00","og_image":[{"width":1920,"height":1920,"url":"https:\/\/1923.nu\/wp-content\/uploads\/2022\/05\/image00012-scaled-e1652712425247.jpeg","type":"image\/jpeg"}],"twitter_card":"summary_large_image","twitter_misc":{"Est. reading time":"1 minute"},"schema":{"@context":"https:\/\/schema.org","@graph":[{"@type":"WebPage","@id":"https:\/\/1923.nu\/produkt\/havre\/","url":"https:\/\/1923.nu\/produkt\/havre\/","name":"Havre - Deli och restaurang i H\u00f6ga Kusten - 1923 Tunnbr\u00f6d och deli","isPartOf":{"@id":"https:\/\/1923.nu\/#website"},"primaryImageOfPage":{"@id":"https:\/\/1923.nu\/produkt\/havre\/#primaryimage"},"image":{"@id":"https:\/\/1923.nu\/produkt\/havre\/#primaryimage"},"thumbnailUrl":"https:\/\/1923.nu\/wp-content\/uploads\/2022\/05\/image00012-scaled-e1652712425247.jpeg","datePublished":"2022-01-25T11:11:24+00:00","dateModified":"2024-01-18T08:46:01+00:00","description":"Havretunnbr\u00f6d \u00e4r ett klassiskt br\u00f6d bakat p\u00e5 havre fr\u00e5n v\u00e5ra svenska \u00e5krar. Gyllengr\u00e4ddat och smakrikt. Utm\u00e4rkt i br\u00f6dkorgen.","breadcrumb":{"@id":"https:\/\/1923.nu\/produkt\/havre\/#breadcrumb"},"inLanguage":"en-US","potentialAction":[{"@type":"ReadAction","target":["https:\/\/1923.nu\/produkt\/havre\/"]}]},{"@type":"ImageObject","inLanguage":"en-US","@id":"https:\/\/1923.nu\/produkt\/havre\/#primaryimage","url":"https:\/\/1923.nu\/wp-content\/uploads\/2022\/05\/image00012-scaled-e1652712425247.jpeg","contentUrl":"https:\/\/1923.nu\/wp-content\/uploads\/2022\/05\/image00012-scaled-e1652712425247.jpeg","width":1920,"height":1920},{"@type":"BreadcrumbList","@id":"https:\/\/1923.nu\/produkt\/havre\/#breadcrumb","itemListElement":[{"@type":"ListItem","position":1,"name":"Hem","item":"https:\/\/1923.nu\/en\/"},{"@type":"ListItem","position":2,"name":"Shop","item":"https:\/\/1923.nu\/en\/shop\/"},{"@type":"ListItem","position":3,"name":"Havre"}]},{"@type":"WebSite","@id":"https:\/\/1923.nu\/#website","url":"https:\/\/1923.nu\/","name":"Deli och restaurang i H\u00f6ga Kusten - 1923 Tunnbr\u00f6d och deli","description":"","publisher":{"@id":"https:\/\/1923.nu\/#organization"},"potentialAction":[{"@type":"SearchAction","target":{"@type":"EntryPoint","urlTemplate":"https:\/\/1923.nu\/?s={search_term_string}"},"query-input":{"@type":"PropertyValueSpecification","valueRequired":true,"valueName":"search_term_string"}}],"inLanguage":"en-US"},{"@type":"Organization","@id":"https:\/\/1923.nu\/#organization","name":"1923","url":"https:\/\/1923.nu\/","logo":{"@type":"ImageObject","inLanguage":"en-US","@id":"https:\/\/1923.nu\/#\/schema\/logo\/image\/","url":"https:\/\/1923.nu\/wp-content\/uploads\/2022\/02\/cropped-Mjalloms_logo_deli_1923_original.png","contentUrl":"https:\/\/1923.nu\/wp-content\/uploads\/2022\/02\/cropped-Mjalloms_logo_deli_1923_original.png","width":512,"height":512,"caption":"1923"},"image":{"@id":"https:\/\/1923.nu\/#\/schema\/logo\/image\/"}}]}},"_links":{"self":[{"href":"https:\/\/1923.nu\/en\/wp-json\/wp\/v2\/product\/266","targetHints":{"allow":["GET"]}}],"collection":[{"href":"https:\/\/1923.nu\/en\/wp-json\/wp\/v2\/product"}],"about":[{"href":"https:\/\/1923.nu\/en\/wp-json\/wp\/v2\/types\/product"}],"wp:featuredmedia":[{"embeddable":true,"href":"https:\/\/1923.nu\/en\/wp-json\/wp\/v2\/media\/1319"}],"wp:attachment":[{"href":"https:\/\/1923.nu\/en\/wp-json\/wp\/v2\/media?parent=266"}],"wp:term":[{"taxonomy":"product_brand","embeddable":true,"href":"https:\/\/1923.nu\/en\/wp-json\/wp\/v2\/product_brand?post=266"},{"taxonomy":"product_cat","embeddable":true,"href":"https:\/\/1923.nu\/en\/wp-json\/wp\/v2\/product_cat?post=266"},{"taxonomy":"product_tag","embeddable":true,"href":"https:\/\/1923.nu\/en\/wp-json\/wp\/v2\/product_tag?post=266"}],"curies":[{"name":"wp","href":"https:\/\/api.w.org\/{rel}","templated":true}]}}