{"id":1944,"date":"2022-12-02T09:42:11","date_gmt":"2022-12-02T08:42:11","guid":{"rendered":"https:\/\/1923.nu\/?post_type=product&#038;p=1944"},"modified":"2024-10-23T15:11:24","modified_gmt":"2024-10-23T13:11:24","slug":"disktrasa","status":"publish","type":"product","link":"https:\/\/1923.nu\/en\/produkt\/disktrasa\/","title":{"rendered":"Disktrasa"},"content":{"rendered":"<p>Milj\u00f6v\u00e4nlig och 100% komposterbar disktrasa tryckt med vattenbaserad och milj\u00f6v\u00e4nlig f\u00e4rg.<\/p>\n<p>Disktrasan best\u00e5r av 70% cellulosa som \u00e4r fr\u00e5n FSC-m\u00e4rkt skog och 30% bomull fr\u00e5n restproduktion.\u00a0Trasan t\u00e5l kokning och \u00e4r tv\u00e4tt\u00e4kta i 90\u00b0. Den t\u00e5l att tv\u00e4ttas b\u00e5de i diskmaskin och tv\u00e4ttmaskin. Tillverkad i Sverige.<\/p>\n","protected":false},"excerpt":{"rendered":"<p>Milj\u00f6v\u00e4nlig och 100% komposterbar disktrasa tryckt med vattenbaserad och milj\u00f6v\u00e4nlig f\u00e4rg. Disktrasan best\u00e5r av 70% cellulosa som \u00e4r fr\u00e5n FSC-m\u00e4rkt skog och 30% bomull fr\u00e5n restproduktion.\u00a0Trasan t\u00e5l kokning och \u00e4r tv\u00e4tt\u00e4kta i 90\u00b0. Den t\u00e5l att tv\u00e4ttas b\u00e5de i diskmaskin och tv\u00e4ttmaskin. Tillverkad i Sverige.<\/p>\n","protected":false},"featured_media":1945,"template":"","meta":{"_acf_changed":false,"_et_pb_use_builder":"","_et_pb_old_content":"","_et_gb_content_width":""},"product_brand":[],"product_cat":[51],"product_tag":[],"class_list":{"0":"post-1944","1":"product","2":"type-product","3":"status-publish","4":"has-post-thumbnail","6":"product_cat-tillbehor","7":"xt_wooqv-pos-before","9":"first","10":"instock","11":"taxable","12":"shipping-taxable","13":"purchasable","14":"product-type-simple"},"acf":[],"yoast_head":"<!-- This site is optimized with the Yoast SEO plugin v27.5 - https:\/\/yoast.com\/product\/yoast-seo-wordpress\/ -->\n<title>Disktrasa - Deli och restaurang i H\u00f6ga Kusten - 1923 Tunnbr\u00f6d och deli<\/title>\n<meta name=\"description\" content=\"Milj\u00f6v\u00e4nlig och 100% komposterbar disktrasa. Den t\u00e5l att tv\u00e4ttas b\u00e5de i diskmaskin och tv\u00e4ttmaskin. Tillverkad i Sverige.\" \/>\n<meta name=\"robots\" content=\"index, follow, max-snippet:-1, max-image-preview:large, max-video-preview:-1\" \/>\n<link rel=\"canonical\" href=\"https:\/\/1923.nu\/produkt\/disktrasa\/\" \/>\n<meta property=\"og:locale\" content=\"en_US\" \/>\n<meta property=\"og:type\" content=\"article\" \/>\n<meta property=\"og:title\" content=\"Disktrasa - Deli och restaurang i H\u00f6ga Kusten - 1923 Tunnbr\u00f6d och deli\" \/>\n<meta property=\"og:description\" content=\"Milj\u00f6v\u00e4nlig och 100% komposterbar disktrasa. Den t\u00e5l att tv\u00e4ttas b\u00e5de i diskmaskin och tv\u00e4ttmaskin. Tillverkad i Sverige.\" \/>\n<meta property=\"og:url\" content=\"https:\/\/1923.nu\/produkt\/disktrasa\/\" \/>\n<meta property=\"og:site_name\" content=\"Deli och restaurang i H\u00f6ga Kusten - 1923 Tunnbr\u00f6d och deli\" \/>\n<meta property=\"article:modified_time\" content=\"2024-10-23T13:11:24+00:00\" \/>\n<meta property=\"og:image\" content=\"https:\/\/1923.nu\/wp-content\/uploads\/2022\/12\/Foto-2022-07-21-20-32-59-scaled-e1669970324527.jpg\" \/>\n\t<meta property=\"og:image:width\" content=\"1706\" \/>\n\t<meta property=\"og:image:height\" content=\"1881\" \/>\n\t<meta property=\"og:image:type\" content=\"image\/jpeg\" \/>\n<meta name=\"twitter:card\" content=\"summary_large_image\" \/>\n<meta name=\"twitter:label1\" content=\"Est. reading time\" \/>\n\t<meta name=\"twitter:data1\" content=\"1 minute\" \/>\n<script type=\"application\/ld+json\" class=\"yoast-schema-graph\">{\"@context\":\"https:\\\/\\\/schema.org\",\"@graph\":[{\"@type\":\"WebPage\",\"@id\":\"https:\\\/\\\/1923.nu\\\/produkt\\\/disktrasa\\\/\",\"url\":\"https:\\\/\\\/1923.nu\\\/produkt\\\/disktrasa\\\/\",\"name\":\"Disktrasa - Deli och restaurang i H\u00f6ga Kusten - 1923 Tunnbr\u00f6d och deli\",\"isPartOf\":{\"@id\":\"https:\\\/\\\/1923.nu\\\/#website\"},\"primaryImageOfPage\":{\"@id\":\"https:\\\/\\\/1923.nu\\\/produkt\\\/disktrasa\\\/#primaryimage\"},\"image\":{\"@id\":\"https:\\\/\\\/1923.nu\\\/produkt\\\/disktrasa\\\/#primaryimage\"},\"thumbnailUrl\":\"https:\\\/\\\/1923.nu\\\/wp-content\\\/uploads\\\/2022\\\/12\\\/Foto-2022-07-21-20-32-59-scaled-e1669970324527.jpg\",\"datePublished\":\"2022-12-02T08:42:11+00:00\",\"dateModified\":\"2024-10-23T13:11:24+00:00\",\"description\":\"Milj\u00f6v\u00e4nlig och 100% komposterbar disktrasa. Den t\u00e5l att tv\u00e4ttas b\u00e5de i diskmaskin och tv\u00e4ttmaskin. Tillverkad i Sverige.\",\"breadcrumb\":{\"@id\":\"https:\\\/\\\/1923.nu\\\/produkt\\\/disktrasa\\\/#breadcrumb\"},\"inLanguage\":\"en-US\",\"potentialAction\":[{\"@type\":\"ReadAction\",\"target\":[\"https:\\\/\\\/1923.nu\\\/produkt\\\/disktrasa\\\/\"]}]},{\"@type\":\"ImageObject\",\"inLanguage\":\"en-US\",\"@id\":\"https:\\\/\\\/1923.nu\\\/produkt\\\/disktrasa\\\/#primaryimage\",\"url\":\"https:\\\/\\\/1923.nu\\\/wp-content\\\/uploads\\\/2022\\\/12\\\/Foto-2022-07-21-20-32-59-scaled-e1669970324527.jpg\",\"contentUrl\":\"https:\\\/\\\/1923.nu\\\/wp-content\\\/uploads\\\/2022\\\/12\\\/Foto-2022-07-21-20-32-59-scaled-e1669970324527.jpg\",\"width\":1706,\"height\":1881},{\"@type\":\"BreadcrumbList\",\"@id\":\"https:\\\/\\\/1923.nu\\\/produkt\\\/disktrasa\\\/#breadcrumb\",\"itemListElement\":[{\"@type\":\"ListItem\",\"position\":1,\"name\":\"Hem\",\"item\":\"https:\\\/\\\/1923.nu\\\/en\\\/\"},{\"@type\":\"ListItem\",\"position\":2,\"name\":\"Shop\",\"item\":\"https:\\\/\\\/1923.nu\\\/en\\\/shop\\\/\"},{\"@type\":\"ListItem\",\"position\":3,\"name\":\"Disktrasa\"}]},{\"@type\":\"WebSite\",\"@id\":\"https:\\\/\\\/1923.nu\\\/#website\",\"url\":\"https:\\\/\\\/1923.nu\\\/\",\"name\":\"Deli och restaurang i H\u00f6ga Kusten - 1923 Tunnbr\u00f6d och deli\",\"description\":\"\",\"publisher\":{\"@id\":\"https:\\\/\\\/1923.nu\\\/#organization\"},\"potentialAction\":[{\"@type\":\"SearchAction\",\"target\":{\"@type\":\"EntryPoint\",\"urlTemplate\":\"https:\\\/\\\/1923.nu\\\/?s={search_term_string}\"},\"query-input\":{\"@type\":\"PropertyValueSpecification\",\"valueRequired\":true,\"valueName\":\"search_term_string\"}}],\"inLanguage\":\"en-US\"},{\"@type\":\"Organization\",\"@id\":\"https:\\\/\\\/1923.nu\\\/#organization\",\"name\":\"1923\",\"url\":\"https:\\\/\\\/1923.nu\\\/\",\"logo\":{\"@type\":\"ImageObject\",\"inLanguage\":\"en-US\",\"@id\":\"https:\\\/\\\/1923.nu\\\/#\\\/schema\\\/logo\\\/image\\\/\",\"url\":\"https:\\\/\\\/1923.nu\\\/wp-content\\\/uploads\\\/2022\\\/02\\\/cropped-Mjalloms_logo_deli_1923_original.png\",\"contentUrl\":\"https:\\\/\\\/1923.nu\\\/wp-content\\\/uploads\\\/2022\\\/02\\\/cropped-Mjalloms_logo_deli_1923_original.png\",\"width\":512,\"height\":512,\"caption\":\"1923\"},\"image\":{\"@id\":\"https:\\\/\\\/1923.nu\\\/#\\\/schema\\\/logo\\\/image\\\/\"}}]}<\/script>\n<!-- \/ Yoast SEO plugin. -->","yoast_head_json":{"title":"Disktrasa - Deli och restaurang i H\u00f6ga Kusten - 1923 Tunnbr\u00f6d och deli","description":"Milj\u00f6v\u00e4nlig och 100% komposterbar disktrasa. Den t\u00e5l att tv\u00e4ttas b\u00e5de i diskmaskin och tv\u00e4ttmaskin. Tillverkad i Sverige.","robots":{"index":"index","follow":"follow","max-snippet":"max-snippet:-1","max-image-preview":"max-image-preview:large","max-video-preview":"max-video-preview:-1"},"canonical":"https:\/\/1923.nu\/produkt\/disktrasa\/","og_locale":"en_US","og_type":"article","og_title":"Disktrasa - Deli och restaurang i H\u00f6ga Kusten - 1923 Tunnbr\u00f6d och deli","og_description":"Milj\u00f6v\u00e4nlig och 100% komposterbar disktrasa. Den t\u00e5l att tv\u00e4ttas b\u00e5de i diskmaskin och tv\u00e4ttmaskin. Tillverkad i Sverige.","og_url":"https:\/\/1923.nu\/produkt\/disktrasa\/","og_site_name":"Deli och restaurang i H\u00f6ga Kusten - 1923 Tunnbr\u00f6d och deli","article_modified_time":"2024-10-23T13:11:24+00:00","og_image":[{"width":1706,"height":1881,"url":"https:\/\/1923.nu\/wp-content\/uploads\/2022\/12\/Foto-2022-07-21-20-32-59-scaled-e1669970324527.jpg","type":"image\/jpeg"}],"twitter_card":"summary_large_image","twitter_misc":{"Est. reading time":"1 minute"},"schema":{"@context":"https:\/\/schema.org","@graph":[{"@type":"WebPage","@id":"https:\/\/1923.nu\/produkt\/disktrasa\/","url":"https:\/\/1923.nu\/produkt\/disktrasa\/","name":"Disktrasa - Deli och restaurang i H\u00f6ga Kusten - 1923 Tunnbr\u00f6d och deli","isPartOf":{"@id":"https:\/\/1923.nu\/#website"},"primaryImageOfPage":{"@id":"https:\/\/1923.nu\/produkt\/disktrasa\/#primaryimage"},"image":{"@id":"https:\/\/1923.nu\/produkt\/disktrasa\/#primaryimage"},"thumbnailUrl":"https:\/\/1923.nu\/wp-content\/uploads\/2022\/12\/Foto-2022-07-21-20-32-59-scaled-e1669970324527.jpg","datePublished":"2022-12-02T08:42:11+00:00","dateModified":"2024-10-23T13:11:24+00:00","description":"Milj\u00f6v\u00e4nlig och 100% komposterbar disktrasa. Den t\u00e5l att tv\u00e4ttas b\u00e5de i diskmaskin och tv\u00e4ttmaskin. Tillverkad i Sverige.","breadcrumb":{"@id":"https:\/\/1923.nu\/produkt\/disktrasa\/#breadcrumb"},"inLanguage":"en-US","potentialAction":[{"@type":"ReadAction","target":["https:\/\/1923.nu\/produkt\/disktrasa\/"]}]},{"@type":"ImageObject","inLanguage":"en-US","@id":"https:\/\/1923.nu\/produkt\/disktrasa\/#primaryimage","url":"https:\/\/1923.nu\/wp-content\/uploads\/2022\/12\/Foto-2022-07-21-20-32-59-scaled-e1669970324527.jpg","contentUrl":"https:\/\/1923.nu\/wp-content\/uploads\/2022\/12\/Foto-2022-07-21-20-32-59-scaled-e1669970324527.jpg","width":1706,"height":1881},{"@type":"BreadcrumbList","@id":"https:\/\/1923.nu\/produkt\/disktrasa\/#breadcrumb","itemListElement":[{"@type":"ListItem","position":1,"name":"Hem","item":"https:\/\/1923.nu\/en\/"},{"@type":"ListItem","position":2,"name":"Shop","item":"https:\/\/1923.nu\/en\/shop\/"},{"@type":"ListItem","position":3,"name":"Disktrasa"}]},{"@type":"WebSite","@id":"https:\/\/1923.nu\/#website","url":"https:\/\/1923.nu\/","name":"Deli och restaurang i H\u00f6ga Kusten - 1923 Tunnbr\u00f6d och deli","description":"","publisher":{"@id":"https:\/\/1923.nu\/#organization"},"potentialAction":[{"@type":"SearchAction","target":{"@type":"EntryPoint","urlTemplate":"https:\/\/1923.nu\/?s={search_term_string}"},"query-input":{"@type":"PropertyValueSpecification","valueRequired":true,"valueName":"search_term_string"}}],"inLanguage":"en-US"},{"@type":"Organization","@id":"https:\/\/1923.nu\/#organization","name":"1923","url":"https:\/\/1923.nu\/","logo":{"@type":"ImageObject","inLanguage":"en-US","@id":"https:\/\/1923.nu\/#\/schema\/logo\/image\/","url":"https:\/\/1923.nu\/wp-content\/uploads\/2022\/02\/cropped-Mjalloms_logo_deli_1923_original.png","contentUrl":"https:\/\/1923.nu\/wp-content\/uploads\/2022\/02\/cropped-Mjalloms_logo_deli_1923_original.png","width":512,"height":512,"caption":"1923"},"image":{"@id":"https:\/\/1923.nu\/#\/schema\/logo\/image\/"}}]}},"_links":{"self":[{"href":"https:\/\/1923.nu\/en\/wp-json\/wp\/v2\/product\/1944","targetHints":{"allow":["GET"]}}],"collection":[{"href":"https:\/\/1923.nu\/en\/wp-json\/wp\/v2\/product"}],"about":[{"href":"https:\/\/1923.nu\/en\/wp-json\/wp\/v2\/types\/product"}],"wp:featuredmedia":[{"embeddable":true,"href":"https:\/\/1923.nu\/en\/wp-json\/wp\/v2\/media\/1945"}],"wp:attachment":[{"href":"https:\/\/1923.nu\/en\/wp-json\/wp\/v2\/media?parent=1944"}],"wp:term":[{"taxonomy":"product_brand","embeddable":true,"href":"https:\/\/1923.nu\/en\/wp-json\/wp\/v2\/product_brand?post=1944"},{"taxonomy":"product_cat","embeddable":true,"href":"https:\/\/1923.nu\/en\/wp-json\/wp\/v2\/product_cat?post=1944"},{"taxonomy":"product_tag","embeddable":true,"href":"https:\/\/1923.nu\/en\/wp-json\/wp\/v2\/product_tag?post=1944"}],"curies":[{"name":"wp","href":"https:\/\/api.w.org\/{rel}","templated":true}]}}