{"id":1260,"date":"2022-05-04T13:18:52","date_gmt":"2022-05-04T11:18:52","guid":{"rendered":"http:\/\/1923.nu\/?post_type=product&#038;p=1260"},"modified":"2023-06-02T14:42:38","modified_gmt":"2023-06-02T12:42:38","slug":"eko-tunnbrodschips-bruschetta","status":"publish","type":"product","link":"https:\/\/1923.nu\/en\/produkt\/eko-tunnbrodschips-bruschetta\/","title":{"rendered":"EKO Tunnbr\u00f6dschips Bruschetta"},"content":{"rendered":"<p><strong>Helgsnacks som smakar fantastiskt gott till en kall dryck. Bara som det \u00e4r eller med en god ost och smakrik korv .<\/strong><\/p>\n<p>Vi bakar , friterar och kryddar v\u00e5ra tunnbr\u00f6dschips med ekologiska r\u00e5varor. Den energi som g\u00e5r \u00e5t till att framst\u00e4lla dessa delikatesser h\u00e4mtar vi fr\u00e5n den norrl\u00e4ndska vattenkraften.<\/p>\n","protected":false},"excerpt":{"rendered":"<p>Helgssnacks som smakar fantastiskt gott till en kall dryck.<\/p>\n","protected":false},"featured_media":2260,"template":"","meta":{"_acf_changed":false,"_et_pb_use_builder":"","_et_pb_old_content":"","_et_gb_content_width":""},"product_brand":[],"product_cat":[20],"product_tag":[],"class_list":{"0":"post-1260","1":"product","2":"type-product","3":"status-publish","4":"has-post-thumbnail","6":"product_cat-tunnbrod","7":"xt_wooqv-pos-before","9":"first","10":"instock","11":"taxable","12":"shipping-taxable","13":"purchasable","14":"product-type-simple"},"acf":[],"yoast_head":"<!-- This site is optimized with the Yoast SEO plugin v27.4 - https:\/\/yoast.com\/product\/yoast-seo-wordpress\/ -->\n<title>EKO Tunnbr\u00f6dschips Bruschetta - Deli och restaurang i H\u00f6ga Kusten - 1923 Tunnbr\u00f6d och deli<\/title>\n<meta name=\"description\" content=\"Helgsnacks som smakar fantastiskt gott till en kall dryck. Bara som det \u00e4r eller med en god ost och smakrik korv .\" \/>\n<meta name=\"robots\" content=\"index, follow, max-snippet:-1, max-image-preview:large, max-video-preview:-1\" \/>\n<link rel=\"canonical\" href=\"https:\/\/1923.nu\/produkt\/eko-tunnbrodschips-bruschetta\/\" \/>\n<meta property=\"og:locale\" content=\"en_US\" \/>\n<meta property=\"og:type\" content=\"article\" \/>\n<meta property=\"og:title\" content=\"EKO Tunnbr\u00f6dschips Bruschetta - Deli och restaurang i H\u00f6ga Kusten - 1923 Tunnbr\u00f6d och deli\" \/>\n<meta property=\"og:description\" content=\"Helgsnacks som smakar fantastiskt gott till en kall dryck. Bara som det \u00e4r eller med en god ost och smakrik korv .\" \/>\n<meta property=\"og:url\" content=\"https:\/\/1923.nu\/produkt\/eko-tunnbrodschips-bruschetta\/\" \/>\n<meta property=\"og:site_name\" content=\"Deli och restaurang i H\u00f6ga Kusten - 1923 Tunnbr\u00f6d och deli\" \/>\n<meta property=\"article:modified_time\" content=\"2023-06-02T12:42:38+00:00\" \/>\n<meta property=\"og:image\" content=\"https:\/\/1923.nu\/wp-content\/uploads\/2022\/05\/bruschetta-scaled-e1685709734170.jpg\" \/>\n\t<meta property=\"og:image:width\" content=\"1440\" \/>\n\t<meta property=\"og:image:height\" content=\"1432\" \/>\n\t<meta property=\"og:image:type\" content=\"image\/jpeg\" \/>\n<meta name=\"twitter:card\" content=\"summary_large_image\" \/>\n<meta name=\"twitter:label1\" content=\"Est. reading time\" \/>\n\t<meta name=\"twitter:data1\" content=\"1 minute\" \/>\n<script type=\"application\/ld+json\" class=\"yoast-schema-graph\">{\"@context\":\"https:\\\/\\\/schema.org\",\"@graph\":[{\"@type\":\"WebPage\",\"@id\":\"https:\\\/\\\/1923.nu\\\/produkt\\\/eko-tunnbrodschips-bruschetta\\\/\",\"url\":\"https:\\\/\\\/1923.nu\\\/produkt\\\/eko-tunnbrodschips-bruschetta\\\/\",\"name\":\"EKO Tunnbr\u00f6dschips Bruschetta - Deli och restaurang i H\u00f6ga Kusten - 1923 Tunnbr\u00f6d och deli\",\"isPartOf\":{\"@id\":\"https:\\\/\\\/1923.nu\\\/#website\"},\"primaryImageOfPage\":{\"@id\":\"https:\\\/\\\/1923.nu\\\/produkt\\\/eko-tunnbrodschips-bruschetta\\\/#primaryimage\"},\"image\":{\"@id\":\"https:\\\/\\\/1923.nu\\\/produkt\\\/eko-tunnbrodschips-bruschetta\\\/#primaryimage\"},\"thumbnailUrl\":\"https:\\\/\\\/1923.nu\\\/wp-content\\\/uploads\\\/2022\\\/05\\\/bruschetta-scaled-e1685709734170.jpg\",\"datePublished\":\"2022-05-04T11:18:52+00:00\",\"dateModified\":\"2023-06-02T12:42:38+00:00\",\"description\":\"Helgsnacks som smakar fantastiskt gott till en kall dryck. Bara som det \u00e4r eller med en god ost och smakrik korv .\",\"breadcrumb\":{\"@id\":\"https:\\\/\\\/1923.nu\\\/produkt\\\/eko-tunnbrodschips-bruschetta\\\/#breadcrumb\"},\"inLanguage\":\"en-US\",\"potentialAction\":[{\"@type\":\"ReadAction\",\"target\":[\"https:\\\/\\\/1923.nu\\\/produkt\\\/eko-tunnbrodschips-bruschetta\\\/\"]}]},{\"@type\":\"ImageObject\",\"inLanguage\":\"en-US\",\"@id\":\"https:\\\/\\\/1923.nu\\\/produkt\\\/eko-tunnbrodschips-bruschetta\\\/#primaryimage\",\"url\":\"https:\\\/\\\/1923.nu\\\/wp-content\\\/uploads\\\/2022\\\/05\\\/bruschetta-scaled-e1685709734170.jpg\",\"contentUrl\":\"https:\\\/\\\/1923.nu\\\/wp-content\\\/uploads\\\/2022\\\/05\\\/bruschetta-scaled-e1685709734170.jpg\",\"width\":1440,\"height\":1432},{\"@type\":\"BreadcrumbList\",\"@id\":\"https:\\\/\\\/1923.nu\\\/produkt\\\/eko-tunnbrodschips-bruschetta\\\/#breadcrumb\",\"itemListElement\":[{\"@type\":\"ListItem\",\"position\":1,\"name\":\"Hem\",\"item\":\"https:\\\/\\\/1923.nu\\\/en\\\/\"},{\"@type\":\"ListItem\",\"position\":2,\"name\":\"Shop\",\"item\":\"https:\\\/\\\/1923.nu\\\/en\\\/shop\\\/\"},{\"@type\":\"ListItem\",\"position\":3,\"name\":\"EKO Tunnbr\u00f6dschips Bruschetta\"}]},{\"@type\":\"WebSite\",\"@id\":\"https:\\\/\\\/1923.nu\\\/#website\",\"url\":\"https:\\\/\\\/1923.nu\\\/\",\"name\":\"Deli och restaurang i H\u00f6ga Kusten - 1923 Tunnbr\u00f6d och deli\",\"description\":\"\",\"publisher\":{\"@id\":\"https:\\\/\\\/1923.nu\\\/#organization\"},\"potentialAction\":[{\"@type\":\"SearchAction\",\"target\":{\"@type\":\"EntryPoint\",\"urlTemplate\":\"https:\\\/\\\/1923.nu\\\/?s={search_term_string}\"},\"query-input\":{\"@type\":\"PropertyValueSpecification\",\"valueRequired\":true,\"valueName\":\"search_term_string\"}}],\"inLanguage\":\"en-US\"},{\"@type\":\"Organization\",\"@id\":\"https:\\\/\\\/1923.nu\\\/#organization\",\"name\":\"1923\",\"url\":\"https:\\\/\\\/1923.nu\\\/\",\"logo\":{\"@type\":\"ImageObject\",\"inLanguage\":\"en-US\",\"@id\":\"https:\\\/\\\/1923.nu\\\/#\\\/schema\\\/logo\\\/image\\\/\",\"url\":\"https:\\\/\\\/1923.nu\\\/wp-content\\\/uploads\\\/2022\\\/02\\\/cropped-Mjalloms_logo_deli_1923_original.png\",\"contentUrl\":\"https:\\\/\\\/1923.nu\\\/wp-content\\\/uploads\\\/2022\\\/02\\\/cropped-Mjalloms_logo_deli_1923_original.png\",\"width\":512,\"height\":512,\"caption\":\"1923\"},\"image\":{\"@id\":\"https:\\\/\\\/1923.nu\\\/#\\\/schema\\\/logo\\\/image\\\/\"}}]}<\/script>\n<!-- \/ Yoast SEO plugin. -->","yoast_head_json":{"title":"EKO Tunnbr\u00f6dschips Bruschetta - Deli och restaurang i H\u00f6ga Kusten - 1923 Tunnbr\u00f6d och deli","description":"Helgsnacks som smakar fantastiskt gott till en kall dryck. Bara som det \u00e4r eller med en god ost och smakrik korv .","robots":{"index":"index","follow":"follow","max-snippet":"max-snippet:-1","max-image-preview":"max-image-preview:large","max-video-preview":"max-video-preview:-1"},"canonical":"https:\/\/1923.nu\/produkt\/eko-tunnbrodschips-bruschetta\/","og_locale":"en_US","og_type":"article","og_title":"EKO Tunnbr\u00f6dschips Bruschetta - Deli och restaurang i H\u00f6ga Kusten - 1923 Tunnbr\u00f6d och deli","og_description":"Helgsnacks som smakar fantastiskt gott till en kall dryck. Bara som det \u00e4r eller med en god ost och smakrik korv .","og_url":"https:\/\/1923.nu\/produkt\/eko-tunnbrodschips-bruschetta\/","og_site_name":"Deli och restaurang i H\u00f6ga Kusten - 1923 Tunnbr\u00f6d och deli","article_modified_time":"2023-06-02T12:42:38+00:00","og_image":[{"width":1440,"height":1432,"url":"https:\/\/1923.nu\/wp-content\/uploads\/2022\/05\/bruschetta-scaled-e1685709734170.jpg","type":"image\/jpeg"}],"twitter_card":"summary_large_image","twitter_misc":{"Est. reading time":"1 minute"},"schema":{"@context":"https:\/\/schema.org","@graph":[{"@type":"WebPage","@id":"https:\/\/1923.nu\/produkt\/eko-tunnbrodschips-bruschetta\/","url":"https:\/\/1923.nu\/produkt\/eko-tunnbrodschips-bruschetta\/","name":"EKO Tunnbr\u00f6dschips Bruschetta - Deli och restaurang i H\u00f6ga Kusten - 1923 Tunnbr\u00f6d och deli","isPartOf":{"@id":"https:\/\/1923.nu\/#website"},"primaryImageOfPage":{"@id":"https:\/\/1923.nu\/produkt\/eko-tunnbrodschips-bruschetta\/#primaryimage"},"image":{"@id":"https:\/\/1923.nu\/produkt\/eko-tunnbrodschips-bruschetta\/#primaryimage"},"thumbnailUrl":"https:\/\/1923.nu\/wp-content\/uploads\/2022\/05\/bruschetta-scaled-e1685709734170.jpg","datePublished":"2022-05-04T11:18:52+00:00","dateModified":"2023-06-02T12:42:38+00:00","description":"Helgsnacks som smakar fantastiskt gott till en kall dryck. Bara som det \u00e4r eller med en god ost och smakrik korv .","breadcrumb":{"@id":"https:\/\/1923.nu\/produkt\/eko-tunnbrodschips-bruschetta\/#breadcrumb"},"inLanguage":"en-US","potentialAction":[{"@type":"ReadAction","target":["https:\/\/1923.nu\/produkt\/eko-tunnbrodschips-bruschetta\/"]}]},{"@type":"ImageObject","inLanguage":"en-US","@id":"https:\/\/1923.nu\/produkt\/eko-tunnbrodschips-bruschetta\/#primaryimage","url":"https:\/\/1923.nu\/wp-content\/uploads\/2022\/05\/bruschetta-scaled-e1685709734170.jpg","contentUrl":"https:\/\/1923.nu\/wp-content\/uploads\/2022\/05\/bruschetta-scaled-e1685709734170.jpg","width":1440,"height":1432},{"@type":"BreadcrumbList","@id":"https:\/\/1923.nu\/produkt\/eko-tunnbrodschips-bruschetta\/#breadcrumb","itemListElement":[{"@type":"ListItem","position":1,"name":"Hem","item":"https:\/\/1923.nu\/en\/"},{"@type":"ListItem","position":2,"name":"Shop","item":"https:\/\/1923.nu\/en\/shop\/"},{"@type":"ListItem","position":3,"name":"EKO Tunnbr\u00f6dschips Bruschetta"}]},{"@type":"WebSite","@id":"https:\/\/1923.nu\/#website","url":"https:\/\/1923.nu\/","name":"Deli och restaurang i H\u00f6ga Kusten - 1923 Tunnbr\u00f6d och deli","description":"","publisher":{"@id":"https:\/\/1923.nu\/#organization"},"potentialAction":[{"@type":"SearchAction","target":{"@type":"EntryPoint","urlTemplate":"https:\/\/1923.nu\/?s={search_term_string}"},"query-input":{"@type":"PropertyValueSpecification","valueRequired":true,"valueName":"search_term_string"}}],"inLanguage":"en-US"},{"@type":"Organization","@id":"https:\/\/1923.nu\/#organization","name":"1923","url":"https:\/\/1923.nu\/","logo":{"@type":"ImageObject","inLanguage":"en-US","@id":"https:\/\/1923.nu\/#\/schema\/logo\/image\/","url":"https:\/\/1923.nu\/wp-content\/uploads\/2022\/02\/cropped-Mjalloms_logo_deli_1923_original.png","contentUrl":"https:\/\/1923.nu\/wp-content\/uploads\/2022\/02\/cropped-Mjalloms_logo_deli_1923_original.png","width":512,"height":512,"caption":"1923"},"image":{"@id":"https:\/\/1923.nu\/#\/schema\/logo\/image\/"}}]}},"_links":{"self":[{"href":"https:\/\/1923.nu\/en\/wp-json\/wp\/v2\/product\/1260","targetHints":{"allow":["GET"]}}],"collection":[{"href":"https:\/\/1923.nu\/en\/wp-json\/wp\/v2\/product"}],"about":[{"href":"https:\/\/1923.nu\/en\/wp-json\/wp\/v2\/types\/product"}],"wp:featuredmedia":[{"embeddable":true,"href":"https:\/\/1923.nu\/en\/wp-json\/wp\/v2\/media\/2260"}],"wp:attachment":[{"href":"https:\/\/1923.nu\/en\/wp-json\/wp\/v2\/media?parent=1260"}],"wp:term":[{"taxonomy":"product_brand","embeddable":true,"href":"https:\/\/1923.nu\/en\/wp-json\/wp\/v2\/product_brand?post=1260"},{"taxonomy":"product_cat","embeddable":true,"href":"https:\/\/1923.nu\/en\/wp-json\/wp\/v2\/product_cat?post=1260"},{"taxonomy":"product_tag","embeddable":true,"href":"https:\/\/1923.nu\/en\/wp-json\/wp\/v2\/product_tag?post=1260"}],"curies":[{"name":"wp","href":"https:\/\/api.w.org\/{rel}","templated":true}]}}