{"id":1246,"date":"2022-05-04T10:32:07","date_gmt":"2022-05-04T08:32:07","guid":{"rendered":"http:\/\/1923.nu\/?post_type=product&#038;p=1246"},"modified":"2022-09-12T16:26:03","modified_gmt":"2022-09-12T14:26:03","slug":"palt-tunnbrod","status":"publish","type":"product","link":"https:\/\/1923.nu\/en\/produkt\/palt-tunnbrod\/","title":{"rendered":"Palt Tunnbr\u00f6d"},"content":{"rendered":"<p>Palttunnbr\u00f6d \u00e4r ett j\u00e4rn- och proteinrikt br\u00f6d. Utm\u00e4rkt som ett nyttigt mellanm\u00e5l med keso och avokado. \u00c4ven ypperligt bra bas f\u00f6r en j\u00e4rnrik gr\u00f6t, b\u00e5de f\u00f6r stora och sm\u00e5 och f\u00f6r de som vill f\u00e5 en riktig mycket j\u00e4rntillskott. Boosta kroppen med Protein- och J\u00e4rnrikt br\u00f6d! Njut som sm\u00f6rg\u00e5s, i filen eller p\u00e5 \u00e4kta norrl\u00e4ndskt vis tillsammans med fl\u00e4sk och vits\u00e5s!<\/p>\n","protected":false},"excerpt":{"rendered":"<p>Palttunnbr\u00f6d \u00e4r ett j\u00e4rn- och proteinrikt br\u00f6d. Utm\u00e4rkt som ett nyttigt mellanm\u00e5l med keso och avokado.<\/p>\n","protected":false},"featured_media":1309,"template":"","meta":{"_acf_changed":false,"_et_pb_use_builder":"","_et_pb_old_content":"","_et_gb_content_width":""},"product_brand":[],"product_cat":[20],"product_tag":[],"class_list":{"0":"post-1246","1":"product","2":"type-product","3":"status-publish","4":"has-post-thumbnail","6":"product_cat-tunnbrod","7":"xt_wooqv-pos-before","9":"first","10":"instock","11":"taxable","12":"shipping-taxable","13":"purchasable","14":"product-type-simple"},"acf":[],"yoast_head":"<!-- This site is optimized with the Yoast SEO plugin v27.5 - https:\/\/yoast.com\/product\/yoast-seo-wordpress\/ -->\n<title>Palt Tunnbr\u00f6d - Deli och restaurang i H\u00f6ga Kusten - 1923 Tunnbr\u00f6d och deli<\/title>\n<meta name=\"description\" content=\"Palttunnbr\u00f6d \u00e4r ett j\u00e4rn- och proteinrikt br\u00f6d. Utm\u00e4rkt som ett nyttigt mellanm\u00e5l med keso och avokado. \u00c4ven bra bra bas f\u00f6r en j\u00e4rnrik gr\u00f6t.\" \/>\n<meta name=\"robots\" content=\"index, follow, max-snippet:-1, max-image-preview:large, max-video-preview:-1\" \/>\n<link rel=\"canonical\" href=\"https:\/\/1923.nu\/produkt\/palt-tunnbrod\/\" \/>\n<meta property=\"og:locale\" content=\"en_US\" \/>\n<meta property=\"og:type\" content=\"article\" \/>\n<meta property=\"og:title\" content=\"Palt Tunnbr\u00f6d - Deli och restaurang i H\u00f6ga Kusten - 1923 Tunnbr\u00f6d och deli\" \/>\n<meta property=\"og:description\" content=\"Palttunnbr\u00f6d \u00e4r ett j\u00e4rn- och proteinrikt br\u00f6d. Utm\u00e4rkt som ett nyttigt mellanm\u00e5l med keso och avokado. \u00c4ven bra bra bas f\u00f6r en j\u00e4rnrik gr\u00f6t.\" \/>\n<meta property=\"og:url\" content=\"https:\/\/1923.nu\/produkt\/palt-tunnbrod\/\" \/>\n<meta property=\"og:site_name\" content=\"Deli och restaurang i H\u00f6ga Kusten - 1923 Tunnbr\u00f6d och deli\" \/>\n<meta property=\"article:modified_time\" content=\"2022-09-12T14:26:03+00:00\" \/>\n<meta property=\"og:image\" content=\"https:\/\/1923.nu\/wp-content\/uploads\/2022\/05\/image00005-scaled-e1652704487504.jpeg\" \/>\n\t<meta property=\"og:image:width\" content=\"1920\" \/>\n\t<meta property=\"og:image:height\" content=\"1920\" \/>\n\t<meta property=\"og:image:type\" content=\"image\/jpeg\" \/>\n<meta name=\"twitter:card\" content=\"summary_large_image\" \/>\n<meta name=\"twitter:label1\" content=\"Est. reading time\" \/>\n\t<meta name=\"twitter:data1\" content=\"1 minute\" \/>\n<script type=\"application\/ld+json\" class=\"yoast-schema-graph\">{\"@context\":\"https:\\\/\\\/schema.org\",\"@graph\":[{\"@type\":\"WebPage\",\"@id\":\"https:\\\/\\\/1923.nu\\\/produkt\\\/palt-tunnbrod\\\/\",\"url\":\"https:\\\/\\\/1923.nu\\\/produkt\\\/palt-tunnbrod\\\/\",\"name\":\"Palt Tunnbr\u00f6d - Deli och restaurang i H\u00f6ga Kusten - 1923 Tunnbr\u00f6d och deli\",\"isPartOf\":{\"@id\":\"https:\\\/\\\/1923.nu\\\/#website\"},\"primaryImageOfPage\":{\"@id\":\"https:\\\/\\\/1923.nu\\\/produkt\\\/palt-tunnbrod\\\/#primaryimage\"},\"image\":{\"@id\":\"https:\\\/\\\/1923.nu\\\/produkt\\\/palt-tunnbrod\\\/#primaryimage\"},\"thumbnailUrl\":\"https:\\\/\\\/1923.nu\\\/wp-content\\\/uploads\\\/2022\\\/05\\\/image00005-scaled-e1652704487504.jpeg\",\"datePublished\":\"2022-05-04T08:32:07+00:00\",\"dateModified\":\"2022-09-12T14:26:03+00:00\",\"description\":\"Palttunnbr\u00f6d \u00e4r ett j\u00e4rn- och proteinrikt br\u00f6d. Utm\u00e4rkt som ett nyttigt mellanm\u00e5l med keso och avokado. \u00c4ven bra bra bas f\u00f6r en j\u00e4rnrik gr\u00f6t.\",\"breadcrumb\":{\"@id\":\"https:\\\/\\\/1923.nu\\\/produkt\\\/palt-tunnbrod\\\/#breadcrumb\"},\"inLanguage\":\"en-US\",\"potentialAction\":[{\"@type\":\"ReadAction\",\"target\":[\"https:\\\/\\\/1923.nu\\\/produkt\\\/palt-tunnbrod\\\/\"]}]},{\"@type\":\"ImageObject\",\"inLanguage\":\"en-US\",\"@id\":\"https:\\\/\\\/1923.nu\\\/produkt\\\/palt-tunnbrod\\\/#primaryimage\",\"url\":\"https:\\\/\\\/1923.nu\\\/wp-content\\\/uploads\\\/2022\\\/05\\\/image00005-scaled-e1652704487504.jpeg\",\"contentUrl\":\"https:\\\/\\\/1923.nu\\\/wp-content\\\/uploads\\\/2022\\\/05\\\/image00005-scaled-e1652704487504.jpeg\",\"width\":1920,\"height\":1920},{\"@type\":\"BreadcrumbList\",\"@id\":\"https:\\\/\\\/1923.nu\\\/produkt\\\/palt-tunnbrod\\\/#breadcrumb\",\"itemListElement\":[{\"@type\":\"ListItem\",\"position\":1,\"name\":\"Hem\",\"item\":\"https:\\\/\\\/1923.nu\\\/en\\\/\"},{\"@type\":\"ListItem\",\"position\":2,\"name\":\"Shop\",\"item\":\"https:\\\/\\\/1923.nu\\\/en\\\/shop\\\/\"},{\"@type\":\"ListItem\",\"position\":3,\"name\":\"Palt Tunnbr\u00f6d\"}]},{\"@type\":\"WebSite\",\"@id\":\"https:\\\/\\\/1923.nu\\\/#website\",\"url\":\"https:\\\/\\\/1923.nu\\\/\",\"name\":\"Deli och restaurang i H\u00f6ga Kusten - 1923 Tunnbr\u00f6d och deli\",\"description\":\"\",\"publisher\":{\"@id\":\"https:\\\/\\\/1923.nu\\\/#organization\"},\"potentialAction\":[{\"@type\":\"SearchAction\",\"target\":{\"@type\":\"EntryPoint\",\"urlTemplate\":\"https:\\\/\\\/1923.nu\\\/?s={search_term_string}\"},\"query-input\":{\"@type\":\"PropertyValueSpecification\",\"valueRequired\":true,\"valueName\":\"search_term_string\"}}],\"inLanguage\":\"en-US\"},{\"@type\":\"Organization\",\"@id\":\"https:\\\/\\\/1923.nu\\\/#organization\",\"name\":\"1923\",\"url\":\"https:\\\/\\\/1923.nu\\\/\",\"logo\":{\"@type\":\"ImageObject\",\"inLanguage\":\"en-US\",\"@id\":\"https:\\\/\\\/1923.nu\\\/#\\\/schema\\\/logo\\\/image\\\/\",\"url\":\"https:\\\/\\\/1923.nu\\\/wp-content\\\/uploads\\\/2022\\\/02\\\/cropped-Mjalloms_logo_deli_1923_original.png\",\"contentUrl\":\"https:\\\/\\\/1923.nu\\\/wp-content\\\/uploads\\\/2022\\\/02\\\/cropped-Mjalloms_logo_deli_1923_original.png\",\"width\":512,\"height\":512,\"caption\":\"1923\"},\"image\":{\"@id\":\"https:\\\/\\\/1923.nu\\\/#\\\/schema\\\/logo\\\/image\\\/\"}}]}<\/script>\n<!-- \/ Yoast SEO plugin. -->","yoast_head_json":{"title":"Palt Tunnbr\u00f6d - Deli och restaurang i H\u00f6ga Kusten - 1923 Tunnbr\u00f6d och deli","description":"Palttunnbr\u00f6d \u00e4r ett j\u00e4rn- och proteinrikt br\u00f6d. Utm\u00e4rkt som ett nyttigt mellanm\u00e5l med keso och avokado. \u00c4ven bra bra bas f\u00f6r en j\u00e4rnrik gr\u00f6t.","robots":{"index":"index","follow":"follow","max-snippet":"max-snippet:-1","max-image-preview":"max-image-preview:large","max-video-preview":"max-video-preview:-1"},"canonical":"https:\/\/1923.nu\/produkt\/palt-tunnbrod\/","og_locale":"en_US","og_type":"article","og_title":"Palt Tunnbr\u00f6d - Deli och restaurang i H\u00f6ga Kusten - 1923 Tunnbr\u00f6d och deli","og_description":"Palttunnbr\u00f6d \u00e4r ett j\u00e4rn- och proteinrikt br\u00f6d. Utm\u00e4rkt som ett nyttigt mellanm\u00e5l med keso och avokado. \u00c4ven bra bra bas f\u00f6r en j\u00e4rnrik gr\u00f6t.","og_url":"https:\/\/1923.nu\/produkt\/palt-tunnbrod\/","og_site_name":"Deli och restaurang i H\u00f6ga Kusten - 1923 Tunnbr\u00f6d och deli","article_modified_time":"2022-09-12T14:26:03+00:00","og_image":[{"width":1920,"height":1920,"url":"https:\/\/1923.nu\/wp-content\/uploads\/2022\/05\/image00005-scaled-e1652704487504.jpeg","type":"image\/jpeg"}],"twitter_card":"summary_large_image","twitter_misc":{"Est. reading time":"1 minute"},"schema":{"@context":"https:\/\/schema.org","@graph":[{"@type":"WebPage","@id":"https:\/\/1923.nu\/produkt\/palt-tunnbrod\/","url":"https:\/\/1923.nu\/produkt\/palt-tunnbrod\/","name":"Palt Tunnbr\u00f6d - Deli och restaurang i H\u00f6ga Kusten - 1923 Tunnbr\u00f6d och deli","isPartOf":{"@id":"https:\/\/1923.nu\/#website"},"primaryImageOfPage":{"@id":"https:\/\/1923.nu\/produkt\/palt-tunnbrod\/#primaryimage"},"image":{"@id":"https:\/\/1923.nu\/produkt\/palt-tunnbrod\/#primaryimage"},"thumbnailUrl":"https:\/\/1923.nu\/wp-content\/uploads\/2022\/05\/image00005-scaled-e1652704487504.jpeg","datePublished":"2022-05-04T08:32:07+00:00","dateModified":"2022-09-12T14:26:03+00:00","description":"Palttunnbr\u00f6d \u00e4r ett j\u00e4rn- och proteinrikt br\u00f6d. Utm\u00e4rkt som ett nyttigt mellanm\u00e5l med keso och avokado. \u00c4ven bra bra bas f\u00f6r en j\u00e4rnrik gr\u00f6t.","breadcrumb":{"@id":"https:\/\/1923.nu\/produkt\/palt-tunnbrod\/#breadcrumb"},"inLanguage":"en-US","potentialAction":[{"@type":"ReadAction","target":["https:\/\/1923.nu\/produkt\/palt-tunnbrod\/"]}]},{"@type":"ImageObject","inLanguage":"en-US","@id":"https:\/\/1923.nu\/produkt\/palt-tunnbrod\/#primaryimage","url":"https:\/\/1923.nu\/wp-content\/uploads\/2022\/05\/image00005-scaled-e1652704487504.jpeg","contentUrl":"https:\/\/1923.nu\/wp-content\/uploads\/2022\/05\/image00005-scaled-e1652704487504.jpeg","width":1920,"height":1920},{"@type":"BreadcrumbList","@id":"https:\/\/1923.nu\/produkt\/palt-tunnbrod\/#breadcrumb","itemListElement":[{"@type":"ListItem","position":1,"name":"Hem","item":"https:\/\/1923.nu\/en\/"},{"@type":"ListItem","position":2,"name":"Shop","item":"https:\/\/1923.nu\/en\/shop\/"},{"@type":"ListItem","position":3,"name":"Palt Tunnbr\u00f6d"}]},{"@type":"WebSite","@id":"https:\/\/1923.nu\/#website","url":"https:\/\/1923.nu\/","name":"Deli och restaurang i H\u00f6ga Kusten - 1923 Tunnbr\u00f6d och deli","description":"","publisher":{"@id":"https:\/\/1923.nu\/#organization"},"potentialAction":[{"@type":"SearchAction","target":{"@type":"EntryPoint","urlTemplate":"https:\/\/1923.nu\/?s={search_term_string}"},"query-input":{"@type":"PropertyValueSpecification","valueRequired":true,"valueName":"search_term_string"}}],"inLanguage":"en-US"},{"@type":"Organization","@id":"https:\/\/1923.nu\/#organization","name":"1923","url":"https:\/\/1923.nu\/","logo":{"@type":"ImageObject","inLanguage":"en-US","@id":"https:\/\/1923.nu\/#\/schema\/logo\/image\/","url":"https:\/\/1923.nu\/wp-content\/uploads\/2022\/02\/cropped-Mjalloms_logo_deli_1923_original.png","contentUrl":"https:\/\/1923.nu\/wp-content\/uploads\/2022\/02\/cropped-Mjalloms_logo_deli_1923_original.png","width":512,"height":512,"caption":"1923"},"image":{"@id":"https:\/\/1923.nu\/#\/schema\/logo\/image\/"}}]}},"_links":{"self":[{"href":"https:\/\/1923.nu\/en\/wp-json\/wp\/v2\/product\/1246","targetHints":{"allow":["GET"]}}],"collection":[{"href":"https:\/\/1923.nu\/en\/wp-json\/wp\/v2\/product"}],"about":[{"href":"https:\/\/1923.nu\/en\/wp-json\/wp\/v2\/types\/product"}],"wp:featuredmedia":[{"embeddable":true,"href":"https:\/\/1923.nu\/en\/wp-json\/wp\/v2\/media\/1309"}],"wp:attachment":[{"href":"https:\/\/1923.nu\/en\/wp-json\/wp\/v2\/media?parent=1246"}],"wp:term":[{"taxonomy":"product_brand","embeddable":true,"href":"https:\/\/1923.nu\/en\/wp-json\/wp\/v2\/product_brand?post=1246"},{"taxonomy":"product_cat","embeddable":true,"href":"https:\/\/1923.nu\/en\/wp-json\/wp\/v2\/product_cat?post=1246"},{"taxonomy":"product_tag","embeddable":true,"href":"https:\/\/1923.nu\/en\/wp-json\/wp\/v2\/product_tag?post=1246"}],"curies":[{"name":"wp","href":"https:\/\/api.w.org\/{rel}","templated":true}]}}