{"id":1235,"date":"2022-05-04T10:20:21","date_gmt":"2022-05-04T08:20:21","guid":{"rendered":"http:\/\/1923.nu\/?post_type=product&#038;p=1235"},"modified":"2024-01-18T09:44:41","modified_gmt":"2024-01-18T08:44:41","slug":"vete","status":"publish","type":"product","link":"https:\/\/1923.nu\/en\/produkt\/vete\/","title":{"rendered":"Vete"},"content":{"rendered":"<p><strong>Vetetunnbr\u00f6d \u00e4r ett spr\u00f6dbakat och krispigt br\u00f6d bakat p\u00e5 det finaste vete. Den milda smaken g\u00f6r att det passar v\u00e4l med l\u00e4tta sm\u00f6rg\u00e5sp\u00e5l\u00e4gg som ost och skinka.<\/strong><\/p>\n<p>Br\u00f6det \u00e4r s\u00e5gat i l\u00e4mpliga portionsbitar och den unika f\u00f6rpackningen g\u00f6r det enkelt att servera.<\/p>\n","protected":false},"excerpt":{"rendered":"<p>Vetetunnbr\u00f6d \u00e4r ett spr\u00f6dbakat och krispigt br\u00f6d bakat p\u00e5 det finaste vete.<\/p>\n","protected":false},"featured_media":1315,"template":"","meta":{"_acf_changed":false,"_et_pb_use_builder":"","_et_pb_old_content":"","_et_gb_content_width":""},"product_brand":[],"product_cat":[20],"product_tag":[],"class_list":{"0":"post-1235","1":"product","2":"type-product","3":"status-publish","4":"has-post-thumbnail","6":"product_cat-tunnbrod","7":"xt_wooqv-pos-before","9":"first","10":"instock","11":"taxable","12":"shipping-taxable","13":"purchasable","14":"product-type-simple"},"acf":[],"yoast_head":"<!-- This site is optimized with the Yoast SEO plugin v27.4 - https:\/\/yoast.com\/product\/yoast-seo-wordpress\/ -->\n<title>Vete - Deli och restaurang i H\u00f6ga Kusten - 1923 Tunnbr\u00f6d och deli<\/title>\n<meta name=\"description\" content=\"Vetetunnbr\u00f6d \u00e4r ett spr\u00f6dbakat och krispigt br\u00f6d bakat p\u00e5 det finaste vete. Den milda smaken g\u00f6r att det passar v\u00e4l med l\u00e4tta sm\u00f6rg\u00e5sp\u00e5l\u00e4gg.\" \/>\n<meta name=\"robots\" content=\"index, follow, max-snippet:-1, max-image-preview:large, max-video-preview:-1\" \/>\n<link rel=\"canonical\" href=\"https:\/\/1923.nu\/produkt\/vete\/\" \/>\n<meta property=\"og:locale\" content=\"en_US\" \/>\n<meta property=\"og:type\" content=\"article\" \/>\n<meta property=\"og:title\" content=\"Vete - Deli och restaurang i H\u00f6ga Kusten - 1923 Tunnbr\u00f6d och deli\" \/>\n<meta property=\"og:description\" content=\"Vetetunnbr\u00f6d \u00e4r ett spr\u00f6dbakat och krispigt br\u00f6d bakat p\u00e5 det finaste vete. Den milda smaken g\u00f6r att det passar v\u00e4l med l\u00e4tta sm\u00f6rg\u00e5sp\u00e5l\u00e4gg.\" \/>\n<meta property=\"og:url\" content=\"https:\/\/1923.nu\/produkt\/vete\/\" \/>\n<meta property=\"og:site_name\" content=\"Deli och restaurang i H\u00f6ga Kusten - 1923 Tunnbr\u00f6d och deli\" \/>\n<meta property=\"article:modified_time\" content=\"2024-01-18T08:44:41+00:00\" \/>\n<meta property=\"og:image\" content=\"https:\/\/1923.nu\/wp-content\/uploads\/2022\/05\/image00010-scaled-e1652705462172.jpeg\" \/>\n\t<meta property=\"og:image:width\" content=\"1920\" \/>\n\t<meta property=\"og:image:height\" content=\"1920\" \/>\n\t<meta property=\"og:image:type\" content=\"image\/jpeg\" \/>\n<meta name=\"twitter:card\" content=\"summary_large_image\" \/>\n<meta name=\"twitter:label1\" content=\"Est. reading time\" \/>\n\t<meta name=\"twitter:data1\" content=\"1 minute\" \/>\n<script type=\"application\/ld+json\" class=\"yoast-schema-graph\">{\"@context\":\"https:\\\/\\\/schema.org\",\"@graph\":[{\"@type\":\"WebPage\",\"@id\":\"https:\\\/\\\/1923.nu\\\/produkt\\\/vete\\\/\",\"url\":\"https:\\\/\\\/1923.nu\\\/produkt\\\/vete\\\/\",\"name\":\"Vete - Deli och restaurang i H\u00f6ga Kusten - 1923 Tunnbr\u00f6d och deli\",\"isPartOf\":{\"@id\":\"https:\\\/\\\/1923.nu\\\/#website\"},\"primaryImageOfPage\":{\"@id\":\"https:\\\/\\\/1923.nu\\\/produkt\\\/vete\\\/#primaryimage\"},\"image\":{\"@id\":\"https:\\\/\\\/1923.nu\\\/produkt\\\/vete\\\/#primaryimage\"},\"thumbnailUrl\":\"https:\\\/\\\/1923.nu\\\/wp-content\\\/uploads\\\/2022\\\/05\\\/image00010-scaled-e1652705462172.jpeg\",\"datePublished\":\"2022-05-04T08:20:21+00:00\",\"dateModified\":\"2024-01-18T08:44:41+00:00\",\"description\":\"Vetetunnbr\u00f6d \u00e4r ett spr\u00f6dbakat och krispigt br\u00f6d bakat p\u00e5 det finaste vete. Den milda smaken g\u00f6r att det passar v\u00e4l med l\u00e4tta sm\u00f6rg\u00e5sp\u00e5l\u00e4gg.\",\"breadcrumb\":{\"@id\":\"https:\\\/\\\/1923.nu\\\/produkt\\\/vete\\\/#breadcrumb\"},\"inLanguage\":\"en-US\",\"potentialAction\":[{\"@type\":\"ReadAction\",\"target\":[\"https:\\\/\\\/1923.nu\\\/produkt\\\/vete\\\/\"]}]},{\"@type\":\"ImageObject\",\"inLanguage\":\"en-US\",\"@id\":\"https:\\\/\\\/1923.nu\\\/produkt\\\/vete\\\/#primaryimage\",\"url\":\"https:\\\/\\\/1923.nu\\\/wp-content\\\/uploads\\\/2022\\\/05\\\/image00010-scaled-e1652705462172.jpeg\",\"contentUrl\":\"https:\\\/\\\/1923.nu\\\/wp-content\\\/uploads\\\/2022\\\/05\\\/image00010-scaled-e1652705462172.jpeg\",\"width\":1920,\"height\":1920},{\"@type\":\"BreadcrumbList\",\"@id\":\"https:\\\/\\\/1923.nu\\\/produkt\\\/vete\\\/#breadcrumb\",\"itemListElement\":[{\"@type\":\"ListItem\",\"position\":1,\"name\":\"Hem\",\"item\":\"https:\\\/\\\/1923.nu\\\/en\\\/\"},{\"@type\":\"ListItem\",\"position\":2,\"name\":\"Shop\",\"item\":\"https:\\\/\\\/1923.nu\\\/en\\\/shop\\\/\"},{\"@type\":\"ListItem\",\"position\":3,\"name\":\"Vete\"}]},{\"@type\":\"WebSite\",\"@id\":\"https:\\\/\\\/1923.nu\\\/#website\",\"url\":\"https:\\\/\\\/1923.nu\\\/\",\"name\":\"Deli och restaurang i H\u00f6ga Kusten - 1923 Tunnbr\u00f6d och deli\",\"description\":\"\",\"publisher\":{\"@id\":\"https:\\\/\\\/1923.nu\\\/#organization\"},\"potentialAction\":[{\"@type\":\"SearchAction\",\"target\":{\"@type\":\"EntryPoint\",\"urlTemplate\":\"https:\\\/\\\/1923.nu\\\/?s={search_term_string}\"},\"query-input\":{\"@type\":\"PropertyValueSpecification\",\"valueRequired\":true,\"valueName\":\"search_term_string\"}}],\"inLanguage\":\"en-US\"},{\"@type\":\"Organization\",\"@id\":\"https:\\\/\\\/1923.nu\\\/#organization\",\"name\":\"1923\",\"url\":\"https:\\\/\\\/1923.nu\\\/\",\"logo\":{\"@type\":\"ImageObject\",\"inLanguage\":\"en-US\",\"@id\":\"https:\\\/\\\/1923.nu\\\/#\\\/schema\\\/logo\\\/image\\\/\",\"url\":\"https:\\\/\\\/1923.nu\\\/wp-content\\\/uploads\\\/2022\\\/02\\\/cropped-Mjalloms_logo_deli_1923_original.png\",\"contentUrl\":\"https:\\\/\\\/1923.nu\\\/wp-content\\\/uploads\\\/2022\\\/02\\\/cropped-Mjalloms_logo_deli_1923_original.png\",\"width\":512,\"height\":512,\"caption\":\"1923\"},\"image\":{\"@id\":\"https:\\\/\\\/1923.nu\\\/#\\\/schema\\\/logo\\\/image\\\/\"}}]}<\/script>\n<!-- \/ Yoast SEO plugin. -->","yoast_head_json":{"title":"Vete - Deli och restaurang i H\u00f6ga Kusten - 1923 Tunnbr\u00f6d och deli","description":"Vetetunnbr\u00f6d \u00e4r ett spr\u00f6dbakat och krispigt br\u00f6d bakat p\u00e5 det finaste vete. Den milda smaken g\u00f6r att det passar v\u00e4l med l\u00e4tta sm\u00f6rg\u00e5sp\u00e5l\u00e4gg.","robots":{"index":"index","follow":"follow","max-snippet":"max-snippet:-1","max-image-preview":"max-image-preview:large","max-video-preview":"max-video-preview:-1"},"canonical":"https:\/\/1923.nu\/produkt\/vete\/","og_locale":"en_US","og_type":"article","og_title":"Vete - Deli och restaurang i H\u00f6ga Kusten - 1923 Tunnbr\u00f6d och deli","og_description":"Vetetunnbr\u00f6d \u00e4r ett spr\u00f6dbakat och krispigt br\u00f6d bakat p\u00e5 det finaste vete. Den milda smaken g\u00f6r att det passar v\u00e4l med l\u00e4tta sm\u00f6rg\u00e5sp\u00e5l\u00e4gg.","og_url":"https:\/\/1923.nu\/produkt\/vete\/","og_site_name":"Deli och restaurang i H\u00f6ga Kusten - 1923 Tunnbr\u00f6d och deli","article_modified_time":"2024-01-18T08:44:41+00:00","og_image":[{"width":1920,"height":1920,"url":"https:\/\/1923.nu\/wp-content\/uploads\/2022\/05\/image00010-scaled-e1652705462172.jpeg","type":"image\/jpeg"}],"twitter_card":"summary_large_image","twitter_misc":{"Est. reading time":"1 minute"},"schema":{"@context":"https:\/\/schema.org","@graph":[{"@type":"WebPage","@id":"https:\/\/1923.nu\/produkt\/vete\/","url":"https:\/\/1923.nu\/produkt\/vete\/","name":"Vete - Deli och restaurang i H\u00f6ga Kusten - 1923 Tunnbr\u00f6d och deli","isPartOf":{"@id":"https:\/\/1923.nu\/#website"},"primaryImageOfPage":{"@id":"https:\/\/1923.nu\/produkt\/vete\/#primaryimage"},"image":{"@id":"https:\/\/1923.nu\/produkt\/vete\/#primaryimage"},"thumbnailUrl":"https:\/\/1923.nu\/wp-content\/uploads\/2022\/05\/image00010-scaled-e1652705462172.jpeg","datePublished":"2022-05-04T08:20:21+00:00","dateModified":"2024-01-18T08:44:41+00:00","description":"Vetetunnbr\u00f6d \u00e4r ett spr\u00f6dbakat och krispigt br\u00f6d bakat p\u00e5 det finaste vete. Den milda smaken g\u00f6r att det passar v\u00e4l med l\u00e4tta sm\u00f6rg\u00e5sp\u00e5l\u00e4gg.","breadcrumb":{"@id":"https:\/\/1923.nu\/produkt\/vete\/#breadcrumb"},"inLanguage":"en-US","potentialAction":[{"@type":"ReadAction","target":["https:\/\/1923.nu\/produkt\/vete\/"]}]},{"@type":"ImageObject","inLanguage":"en-US","@id":"https:\/\/1923.nu\/produkt\/vete\/#primaryimage","url":"https:\/\/1923.nu\/wp-content\/uploads\/2022\/05\/image00010-scaled-e1652705462172.jpeg","contentUrl":"https:\/\/1923.nu\/wp-content\/uploads\/2022\/05\/image00010-scaled-e1652705462172.jpeg","width":1920,"height":1920},{"@type":"BreadcrumbList","@id":"https:\/\/1923.nu\/produkt\/vete\/#breadcrumb","itemListElement":[{"@type":"ListItem","position":1,"name":"Hem","item":"https:\/\/1923.nu\/en\/"},{"@type":"ListItem","position":2,"name":"Shop","item":"https:\/\/1923.nu\/en\/shop\/"},{"@type":"ListItem","position":3,"name":"Vete"}]},{"@type":"WebSite","@id":"https:\/\/1923.nu\/#website","url":"https:\/\/1923.nu\/","name":"Deli och restaurang i H\u00f6ga Kusten - 1923 Tunnbr\u00f6d och deli","description":"","publisher":{"@id":"https:\/\/1923.nu\/#organization"},"potentialAction":[{"@type":"SearchAction","target":{"@type":"EntryPoint","urlTemplate":"https:\/\/1923.nu\/?s={search_term_string}"},"query-input":{"@type":"PropertyValueSpecification","valueRequired":true,"valueName":"search_term_string"}}],"inLanguage":"en-US"},{"@type":"Organization","@id":"https:\/\/1923.nu\/#organization","name":"1923","url":"https:\/\/1923.nu\/","logo":{"@type":"ImageObject","inLanguage":"en-US","@id":"https:\/\/1923.nu\/#\/schema\/logo\/image\/","url":"https:\/\/1923.nu\/wp-content\/uploads\/2022\/02\/cropped-Mjalloms_logo_deli_1923_original.png","contentUrl":"https:\/\/1923.nu\/wp-content\/uploads\/2022\/02\/cropped-Mjalloms_logo_deli_1923_original.png","width":512,"height":512,"caption":"1923"},"image":{"@id":"https:\/\/1923.nu\/#\/schema\/logo\/image\/"}}]}},"_links":{"self":[{"href":"https:\/\/1923.nu\/en\/wp-json\/wp\/v2\/product\/1235","targetHints":{"allow":["GET"]}}],"collection":[{"href":"https:\/\/1923.nu\/en\/wp-json\/wp\/v2\/product"}],"about":[{"href":"https:\/\/1923.nu\/en\/wp-json\/wp\/v2\/types\/product"}],"wp:featuredmedia":[{"embeddable":true,"href":"https:\/\/1923.nu\/en\/wp-json\/wp\/v2\/media\/1315"}],"wp:attachment":[{"href":"https:\/\/1923.nu\/en\/wp-json\/wp\/v2\/media?parent=1235"}],"wp:term":[{"taxonomy":"product_brand","embeddable":true,"href":"https:\/\/1923.nu\/en\/wp-json\/wp\/v2\/product_brand?post=1235"},{"taxonomy":"product_cat","embeddable":true,"href":"https:\/\/1923.nu\/en\/wp-json\/wp\/v2\/product_cat?post=1235"},{"taxonomy":"product_tag","embeddable":true,"href":"https:\/\/1923.nu\/en\/wp-json\/wp\/v2\/product_tag?post=1235"}],"curies":[{"name":"wp","href":"https:\/\/api.w.org\/{rel}","templated":true}]}}